{"id":1097,"date":"2016-06-21T11:43:01","date_gmt":"2016-06-21T09:43:01","guid":{"rendered":"http:\/\/braun-rae.de\/?page_id=1097"},"modified":"2024-08-23T10:43:20","modified_gmt":"2024-08-23T08:43:20","slug":"impressum-rechtsanwaelte-muenchen","status":"publish","type":"page","link":"https:\/\/braun-rae.de\/it\/impressum-rechtsanwaelte-muenchen\/","title":{"rendered":"Impronta  Avvocato Monaco"},"content":{"rendered":"<h3>Indirizzo<\/h3>\n<p>B R A U N<br \/>\nRechtsanw\u00e4lte M\u00fcnchen<br \/>\nAm Kosttor 2<br \/>\nD-80331 M\u00fcnchen<\/p>\n<p>Umsatzsteuer-Identifikationsnummer: DE 171124821<\/p>\n<p>Fon: +49 (0)89 88 909 372<br \/>\nFax: +49 (0)89 88 909 379<br \/>\nE-mail: sekretariat@braun-rae.de<br \/>\nWeb: www.braun-rae.de<\/p>\n<h3>Autorit\u00e0 di vigilanza<\/h3>\n<p>I professionisti che operano nel nostro studio sono iscritti all\u2019Ordine degli Avvocati per il distretto della Corte d\u2019Appello di Monaco di Baviera avente il seguente contatto:<\/p>\n<p>Rechtsanwaltskammer f\u00fcr den Oberlandesgerichtsbezirk M\u00fcnchen,<br \/>\nIm Tal 33, 80331 Monaco di Baviera, Repubblica Federale di Germania<br \/>\nTel: +49 (0)89\/5329440, Telefax: +49 (0)89\/53294428<\/p>\n<h4>Leggi e regolamenti professionali dell\u2019avvocatura tedesca<\/h4>\n<p>Le normative pertinenti sono l\u2019Ordinamento federale degli avvocati, il Codice deontologico forense, l\u2019Ordinamento degli avvocati specializzati, la legge tedesca sugli onorari degli avvocati e le regole professionali degli avvocati dell\u2019Unione Europea.<br \/>\n\u00b7 Ordinamento federale degli avvocati (BRAO)<br \/>\n\u00b7 Codice deontologico forense (BORA)<br \/>\n\u00b7 Ordinamento degli avvocati specializzati<br \/>\n\u00b7 Legge tedesca sugli onorari degli avvocati (RVG)<br \/>\n\u00b7 Regole professionali degli avvocati dell\u2019Unione Europea (CCBE)<br \/>\n\u00b7 Legge sull\u2019attivit\u00e0 degli avvocati europei in Germania (EuRAG) v. 9.3.2000 (BGBl. I S. 182)<\/p>\n<p>I testi di legge nella versione attuale possono essere consultati e richiamati sul sito della Camera federale degli avvocati.<\/p>\n<h4>Titolo professionale e autorit\u00e0 competente<\/h4>\n<p>Il titolo professionale dei collaboratori operanti nel nostro studio \u00e8: \u201cRechtsanwalt\/ Rechtsanw\u00e4ltin Bundesrepublik Deutschland\u201d (Avvocato\/Avvocatessa della Repubblica Federale di Germania). Il titolo professionale legale \u201cRechtsanw\u00e4ltin\u201d(Avvocatessa)\/\u201dRechtsanwalt\u201d (Avvocato) \u00e8 stato conferito dal Ministero della Giustizia e della Tutela del Consumatore dello stato bavarese<br \/>\n(StMJV), Prielmayerstra\u00dfe 7, 80335 Monaco di Baviera. La Rechtsanw\u00e4ltin\/ L\u2019Avvocatessa Michaela Braun \u00e8 membro dell\u2019Ordine degli Avvocati di Monaco di Baviera. Il titolo professionale \u201cRechtsanw\u00e4ltin\u201d le \u00e8 stato conferito nella Repubblica Federale di Germania. Il Rechtsanwalt\/ L\u2018Avvocato Alban Braun \u00e8 membro dell\u2019Ordine degli Avvocati di Monaco di Baviera. Il titolo professionale \u201cRechtsanw\u00e4lt\u201d gli \u00e8 stato conferito nella Repubblica Federale di Germania. La Rechtsanw\u00e4ltin\/ L\u2018Avvocatessa Vivien Holy \u00e8 membro dell\u2019Ordine degli Avvocati di Monaco di Baviera. Il titolo professionale \u201cRechtsanw\u00e4ltin\u201d le \u00e8 stato conferito nella Repubblica Federale di Germania.<\/p>\n<h4>Assicurazione contro la responsabilit\u00e0 professionale<\/h4>\n<p>Ai sensi dell\u2019Ordinamento federale degli avvocati (BRAO) le avvocatesse e gli avvocati sono obbligati a mantenere un\u2019assicurazione contro la responsabilit\u00e0 professionale per la somma assicurativa di 250.000,00 \u20ac. I dettagli risultano dal \u00a7 51 BRAO. L\u2019assicurazione contro la responsabilit\u00e0 professionale sussiste presso la ERGO Versicherungsgruppe, Thomas-Dehler-Stra\u00dfe 2, 81737 Monaco di Baviera. L\u2019ambito di applicazione territoriale della copertura assicurativa comprende le attivit\u00e0 nei paesi membri dell\u2019Unione Europea e soddisfa con ci\u00f2 i requisiti di cui al \u00a7 51 BRAO.<\/p>\n<h4>Forma giuridica<\/h4>\n<p>Lo studio esercita la sua attivit\u00e0 come studio legale con un unico avvocato.<\/p>\n<h4>Prezzi<\/h4>\n<p>Di principio la liquidazione avviene ai sensi della Legge tedesca sugli onorari degli avvocati (RVG). Qualora la liquidazione deva avvenire in modo diverso, prima dell\u2019assunzione del mandato, vengono negoziati e fissati per iscritto con il mandante degli accordi ai sensi del \u00a7 34 RVG e degli accordi sul pagamento ai sensi dei \u00a7\u00a7 3 a e ss RVG.<\/p>\n<h4>Ufficio di conciliazione<\/h4>\n<p>EFacciamo notare che, al fine di evitare una causa, per le controversie tra lo studio e un mandante l\u2019Ordine degli Avvocati di Monaco di Baviera competente ha un ufficio di conciliazione. In alternativa c\u2019\u00e8 la possibilit\u00e0 di rivolgersi con una richiesta di conciliazione al difensore civico presso l\u2019Ordine federale degli Avvocati di Berlino. Il presupposto per una conciliazione \u00e8 che il valore della causa non ammonti a pi\u00f9 di 15.000 \u20ac. L\u2019indirizzo dell\u2019ufficio di conciliazione alternativo \u00e8: Rechtsanwaltskammer f\u00fcr den Oberlandesgerichtsbezirk M\u00fcnchen, Tal 33, 80331 Monaco di Baviera oppure Ombudsmann Berlin bei der Bundesrechtsanwaltskammer Berlin, Littenstra\u00dfe 9, 10179 Berlino<\/p>\n<h4>Diritti d\u2018autore<\/h4>\n<p>Di principio tutti i marchi di fabbrica sono propriet\u00e0 del loro rispettivo proprietario. Tutti i marchi di fabbrica e i marchi protetti menzionati all\u2019interno di questo sito internet e protetti da terzi sono soggetti senza alcuna restrizione a quanto disposto dal relativo diritto di marchio vigente e al diritto di propriet\u00e0 del relativo proprietario registrato. Non \u00e8 possibile concludere che i marchi siano protetti da diritti di terzi sulla base della sola menzione.<br \/>\nIl diritto d\u2019autore per il materiale autoprodotto spetta all\u2019autore di questo sito internet. Sono vietati la riproduzione e l\u2018utilizzo di questo materiale di ogni tipo da parte di terzi senza l\u2019espressa autorizzazione dell\u2019autore.<\/p>\n<p>L\u2019autore si riserva di riorganizzare e integrare in ogni momento, parzialmente o per intero, il contenuto offerto su questo sito internet e tutte le parti connesse oppure di rinunciare completamente alla messa a disposizione di tali informazioni in internet. Le offerte sono senza impegno e non vincolanti e non sussiste un diritto all\u2019utilizzo da parte di terzi.<\/p>\n<h4>UEsclusione della responsabilit\u00e0<\/h4>\n<p>L\u2019autore non risponde in nessun modo per la correttezza, completezza, attualit\u00e0 o qualit\u00e0 delle informazioni messe a disposizione e programmi esterni. Rivendicazioni di responsabilit\u00e0 nei confronti dell\u2019autore per danni di qualsiasi tipo, in particolare per danni causati dall\u2019utilizzo o dal non utilizzo delle informazioni offerte e di programmi esterni e\/o dall\u2019utilizzo d\u2019informazioni sbagliate e\/o non complete e programmi esterni sono di principio esclusi nella misura in cui non sussista dolo o colpa grave da parte dell\u2019autore.<\/p>\n<h4>Invalidit\u00e0 o nullit\u00e0 parziale<\/h4>\n<p>Qualora una parte di questo disclaimer, che costituisce una parte integrante dell\u2019offerta sul sito gestito dall\u2019autore insieme a tutte le sue parti, in particolate quella riguardante l\u2019esclusione della responsabilit\u00e0 dovesse essere o diventare inefficace, ci\u00f2 non pregiudicher\u00e0 l\u2019efficacia delle rimanenti disposizioni.<\/p>\n<h4>Sito internet<\/h4>\n<p>Progettazione: Michaela Braun<br \/>\nCreazione: Christopher Diesing<\/p>\n<h4>Crediti fotografici<\/h4>\n<ul>\n<li>\u00a9 istockphoto.com \u2013 ID 22232453 \u2013 David Franklin<\/li>\n<li>\u00a9 istockphoto.com \u2013 ID 18580648 \u2013 kzenon<\/li>\n<li>Bild Rechtsgebiete: \u201eLaw Label Set\u201c: http:\/\/graphicriver.net\/, Item ID: 12067282, Licensor\u2019s Author Username:\u00a0macrovector<\/li>\n<li>Bild Rechtsgebiete: \u201eLawyer\u201c: http:\/\/photodune.net\/, Item ID: 5099155, Licensor\u2019s Author Username: emiliau<\/li>\n<li>Bild \/rechtsanwaeltin-fuer-frauen\/: \u201elawyer in the office\u201c: http:\/\/photodune.net\/, Item ID: 3176117, Licensor\u2019s Author Username: PetraD<\/li>\n<\/ul>\n<p>Tutte le informazioni in questo sito internet servono esclusivamente a scopi di presentazione generale e non hanno nessun carattere vincolante n\u00e9 dal punto di vista commerciale n\u00e9 professionale.<\/p>\n","protected":false},"excerpt":{"rendered":"<p>Indirizzo B R A U N Rechtsanw\u00e4lte M\u00fcnchen Am Kosttor 2 D-80331 M\u00fcnchen Umsatzsteuer-Identifikationsnummer: DE 171124821 Fon: +49 (0)89 88 909 372 Fax: +49 (0)89 88 909 379 E-mail: sekretariat@braun-rae.de Web: www.braun-rae.de Autorit\u00e0 di vigilanza I professionisti che operano nel nostro studio sono iscritti all\u2019Ordine degli Avvocati per il distretto della Corte d\u2019Appello di Monaco [&hellip;]<\/p>\n","protected":false},"author":1,"featured_media":0,"parent":0,"menu_order":0,"comment_status":"closed","ping_status":"closed","template":"","meta":{"_mi_skip_tracking":false,"footnotes":""},"class_list":["post-1097","page","type-page","status-publish","hentry"],"translation":{"provider":"WPGlobus","version":"2.10.6","language":"it","enabled_languages":["de","en","it"],"languages":{"de":{"title":true,"content":true,"excerpt":false},"en":{"title":true,"content":true,"excerpt":false},"it":{"title":true,"content":true,"excerpt":false}}},"yoast_head":"<!-- This site is optimized with the Yoast SEO plugin v19.11 - https:\/\/yoast.com\/wordpress\/plugins\/seo\/ -->\n<title>Impronta Avvocato Monaco - Braun Avvocato Monaco<\/title>\n<meta name=\"robots\" content=\"index, follow, max-snippet:-1, max-image-preview:large, max-video-preview:-1\" \/>\n<link rel=\"canonical\" href=\"https:\/\/braun-rae.de\/impressum-rechtsanwaelte-muenchen\/\" class=\"yoast-seo-meta-tag\" \/>\n<meta property=\"og:locale\" content=\"it_IT\" class=\"yoast-seo-meta-tag\" \/>\n<meta property=\"og:type\" content=\"article\" class=\"yoast-seo-meta-tag\" \/>\n<meta property=\"og:title\" content=\"Impronta Avvocato Monaco - Braun Avvocato Monaco\" class=\"yoast-seo-meta-tag\" \/>\n<meta property=\"og:url\" content=\"https:\/\/braun-rae.de\/impressum-rechtsanwaelte-muenchen\/\" class=\"yoast-seo-meta-tag\" \/>\n<meta property=\"og:site_name\" content=\"Braun Avvocato Monaco\" class=\"yoast-seo-meta-tag\" \/>\n<meta property=\"article:modified_time\" content=\"2024-08-23T08:43:20+00:00\" class=\"yoast-seo-meta-tag\" \/>\n<meta name=\"twitter:card\" content=\"summary_large_image\" class=\"yoast-seo-meta-tag\" \/>\n<meta name=\"twitter:label1\" content=\"Est. reading time\" class=\"yoast-seo-meta-tag\" \/>\n\t<meta name=\"twitter:data1\" content=\"19 minutes\" class=\"yoast-seo-meta-tag\" \/>\n<script type=\"application\/ld+json\" class=\"yoast-schema-graph\">{\"@context\":\"https:\/\/schema.org\",\"@graph\":[{\"@type\":\"WebPage\",\"@id\":\"https:\/\/braun-rae.de\/impressum-rechtsanwaelte-muenchen\/\",\"url\":\"https:\/\/braun-rae.de\/impressum-rechtsanwaelte-muenchen\/\",\"name\":\"Impronta Avvocato Monaco - Braun Avvocato Monaco\",\"isPartOf\":{\"@id\":\"https:\/\/braun-rae.de\/#website\"},\"datePublished\":\"2016-06-21T09:43:01+00:00\",\"dateModified\":\"2024-08-23T08:43:20+00:00\",\"breadcrumb\":{\"@id\":\"https:\/\/braun-rae.de\/impressum-rechtsanwaelte-muenchen\/#breadcrumb\"},\"inLanguage\":\"it-IT\",\"potentialAction\":[{\"@type\":\"ReadAction\",\"target\":[\"https:\/\/braun-rae.de\/impressum-rechtsanwaelte-muenchen\/\"]}]},{\"@type\":\"BreadcrumbList\",\"@id\":\"https:\/\/braun-rae.de\/impressum-rechtsanwaelte-muenchen\/#breadcrumb\",\"itemListElement\":[{\"@type\":\"ListItem\",\"position\":1,\"name\":\"Startseite\",\"item\":\"https:\/\/braun-rae.de\/\"},{\"@type\":\"ListItem\",\"position\":2,\"name\":\"Impressum Rechtsanw\u00e4ltin M\u00fcnchen\"}]},{\"@type\":\"WebSite\",\"@id\":\"https:\/\/braun-rae.de\/#website\",\"url\":\"https:\/\/braun-rae.de\/\",\"name\":\"Braun Avvocato Monaco\",\"description\":\"Passiamo Le Cose.\",\"potentialAction\":[{\"@type\":\"SearchAction\",\"target\":{\"@type\":\"EntryPoint\",\"urlTemplate\":\"https:\/\/braun-rae.de\/?s={search_term_string}\"},\"query-input\":\"required name=search_term_string\"}],\"inLanguage\":\"it-IT\"}]}<\/script>\n<!-- \/ Yoast SEO plugin. -->","yoast_head_json":{"title":"Impronta Avvocato Monaco - Braun Avvocato Monaco","robots":{"index":"index","follow":"follow","max-snippet":"max-snippet:-1","max-image-preview":"max-image-preview:large","max-video-preview":"max-video-preview:-1"},"canonical":"https:\/\/braun-rae.de\/impressum-rechtsanwaelte-muenchen\/","og_locale":"it_IT","og_type":"article","og_title":"Impronta Avvocato Monaco - Braun Avvocato Monaco","og_url":"https:\/\/braun-rae.de\/impressum-rechtsanwaelte-muenchen\/","og_site_name":"Braun Avvocato Monaco","article_modified_time":"2024-08-23T08:43:20+00:00","twitter_card":"summary_large_image","twitter_misc":{"Est. reading time":"19 minutes"},"schema":{"@context":"https:\/\/schema.org","@graph":[{"@type":"WebPage","@id":"https:\/\/braun-rae.de\/impressum-rechtsanwaelte-muenchen\/","url":"https:\/\/braun-rae.de\/impressum-rechtsanwaelte-muenchen\/","name":"Impronta Avvocato Monaco - Braun Avvocato Monaco","isPartOf":{"@id":"https:\/\/braun-rae.de\/#website"},"datePublished":"2016-06-21T09:43:01+00:00","dateModified":"2024-08-23T08:43:20+00:00","breadcrumb":{"@id":"https:\/\/braun-rae.de\/impressum-rechtsanwaelte-muenchen\/#breadcrumb"},"inLanguage":"it-IT","potentialAction":[{"@type":"ReadAction","target":["https:\/\/braun-rae.de\/impressum-rechtsanwaelte-muenchen\/"]}]},{"@type":"BreadcrumbList","@id":"https:\/\/braun-rae.de\/impressum-rechtsanwaelte-muenchen\/#breadcrumb","itemListElement":[{"@type":"ListItem","position":1,"name":"Startseite","item":"https:\/\/braun-rae.de\/"},{"@type":"ListItem","position":2,"name":"Impressum Rechtsanw\u00e4ltin M\u00fcnchen"}]},{"@type":"WebSite","@id":"https:\/\/braun-rae.de\/#website","url":"https:\/\/braun-rae.de\/","name":"Braun Avvocato Monaco","description":"Passiamo Le Cose.","potentialAction":[{"@type":"SearchAction","target":{"@type":"EntryPoint","urlTemplate":"https:\/\/braun-rae.de\/?s={search_term_string}"},"query-input":"required name=search_term_string"}],"inLanguage":"it-IT"}]}},"_links":{"self":[{"href":"https:\/\/braun-rae.de\/it\/wp-json\/wp\/v2\/pages\/1097","targetHints":{"allow":["GET"]}}],"collection":[{"href":"https:\/\/braun-rae.de\/it\/wp-json\/wp\/v2\/pages"}],"about":[{"href":"https:\/\/braun-rae.de\/it\/wp-json\/wp\/v2\/types\/page"}],"author":[{"embeddable":true,"href":"https:\/\/braun-rae.de\/it\/wp-json\/wp\/v2\/users\/1"}],"replies":[{"embeddable":true,"href":"https:\/\/braun-rae.de\/it\/wp-json\/wp\/v2\/comments?post=1097"}],"version-history":[{"count":5,"href":"https:\/\/braun-rae.de\/it\/wp-json\/wp\/v2\/pages\/1097\/revisions"}],"predecessor-version":[{"id":1905,"href":"https:\/\/braun-rae.de\/it\/wp-json\/wp\/v2\/pages\/1097\/revisions\/1905"}],"wp:attachment":[{"href":"https:\/\/braun-rae.de\/it\/wp-json\/wp\/v2\/media?parent=1097"}],"curies":[{"name":"wp","href":"https:\/\/api.w.org\/{rel}","templated":true}]}}