{"id":1540,"date":"2016-11-16T16:11:58","date_gmt":"2016-11-16T15:11:58","guid":{"rendered":"http:\/\/braun-rae.de\/?page_id=1540"},"modified":"2024-08-23T10:46:33","modified_gmt":"2024-08-23T08:46:33","slug":"online-rechtsberatung-vom-rechtsanwalt-via-e-mail","status":"publish","type":"page","link":"https:\/\/braun-rae.de\/en\/online-rechtsberatung-vom-rechtsanwalt-via-e-mail\/","title":{"rendered":"Online Rechtsberatung vom Rechtsanwalt via E-Mail"},"content":{"rendered":"<p><div  class=\"fusion-fullwidth fullwidth-box fusion-blend-mode onlinerechtsberatung nonhundred-percent-fullwidth\"  style='background-color: rgba(255,255,255,0);background-position: center center;background-repeat: no-repeat;padding-top:20px;padding-right:0px;padding-bottom:20px;padding-left:0px;'><div class=\"fusion-builder-row fusion-row \"><div  class=\"fusion-layout-column fusion_builder_column fusion_builder_column_1_1  fusion-one-full fusion-column-first fusion-column-last 1_1\"  style='margin-top:0px;margin-bottom:20px;'>\n\t\t\t\t\t<div class=\"fusion-column-wrapper\" style=\"background-position:left top;background-repeat:no-repeat;-webkit-background-size:cover;-moz-background-size:cover;-o-background-size:cover;background-size:cover;\"  data-bg-url=\"\">\n\t\t\t\t\t\t<h1 style=\"font-weight: 600; font-family: economica;\">Online Rechtsberatung<\/h1>\n<h2 style=\"color: #170a61; font-family: economica;\">Braun Rechtsanw\u00e4ltin M\u00fcnchen<\/h2>\n<span class=\"fusion-imageframe imageframe-none imageframe-1 hover-type-none\"><img decoding=\"async\" src=\"http:\/\/braun-rae.de\/wp-content\/uploads\/2016\/06\/SEPLEFT.png\" width=\"\" height=\"\" alt=\"\" title=\"\" class=\"img-responsive\"\/><\/span><p><strong>Nutzen Sie unsere Online Rechtsberatung, wir beantworten Ihre Rechtsfragen\u00a0schnell und g\u00fcnstig per E-Mail. Senden Sie uns jetzt Ihre Frage zu und Sie erhalten ein kostenloses Angebot f\u00fcr die ausf\u00fchrliche Beantwortung Ihrer Rechtsfrage. Die Beantwortung einer R\u00fcckfrage, die innerhalb von 48 Stunden nach dem Erhalt unserer Antwort gestellt wird, ist im Angebotspreis bereits enthalten.<\/strong><\/p>\n<div class=\"fusion-clearfix\"><\/div>\n\n\t\t\t\t\t<\/div>\n\t\t\t\t<\/div><div  class=\"fusion-layout-column fusion_builder_column fusion_builder_column_1_3  fusion-one-third fusion-column-first 1_3\"  style='margin-top:0px;margin-bottom:20px;width:33.33%;width:calc(33.33% - ( ( 4% + 4% ) * 0.3333 ) );margin-right: 4%;'>\n\t\t\t\t\t<div class=\"fusion-column-wrapper\" style=\"background-position:left top;background-repeat:no-repeat;-webkit-background-size:cover;-moz-background-size:cover;-o-background-size:cover;background-size:cover;\"  data-bg-url=\"\">\n\t\t\t\t\t\t<p><strong>Anwalt online fragen<\/strong><\/p>\n<p>Ihre Fragen werden direkt durch Frau Rechtsanw\u00e4ltin Prof.in Michaela Braun beantwortet.<\/p>\n<div class=\"fusion-clearfix\"><\/div>\n\n\t\t\t\t\t<\/div>\n\t\t\t\t<\/div><div  class=\"fusion-layout-column fusion_builder_column fusion_builder_column_1_3  fusion-one-third 1_3\"  style='margin-top:0px;margin-bottom:20px;width:33.33%;width:calc(33.33% - ( ( 4% + 4% ) * 0.3333 ) );margin-right: 4%;'>\n\t\t\t\t\t<div class=\"fusion-column-wrapper\" style=\"background-position:left top;background-repeat:no-repeat;-webkit-background-size:cover;-moz-background-size:cover;-o-background-size:cover;background-size:cover;\"  data-bg-url=\"\">\n\t\t\t\t\t\t<p><strong>Risikofrei<\/strong><\/p>\n<p>Sie stellen Ihre Rechtsfrage und erhalten ein kostenloses Preisangebot. Lehnen Sie dieses ab, entstehen keine Kosten.<\/p>\n<div class=\"fusion-clearfix\"><\/div>\n\n\t\t\t\t\t<\/div>\n\t\t\t\t<\/div><div  class=\"fusion-layout-column fusion_builder_column fusion_builder_column_1_3  fusion-one-third fusion-column-last 1_3\"  style='margin-top:0px;margin-bottom:20px;width:33.33%;width:calc(33.33% - ( ( 4% + 4% ) * 0.3333 ) );'>\n\t\t\t\t\t<div class=\"fusion-column-wrapper\" style=\"background-position:left top;background-repeat:no-repeat;-webkit-background-size:cover;-moz-background-size:cover;-o-background-size:cover;background-size:cover;\"  data-bg-url=\"\">\n\t\t\t\t\t\t<p><span style=\"font-family: economica; font-size: 17px;\"><strong>Qualit\u00e4t<\/strong><\/span><\/p>\n<p><span style=\"font-family: economica; font-size: 17px;\">Ihre Frage wird online mit der gleichen Sorgfalt bearbeitet wie in einem pers\u00f6nlichen Termin, kann einen solchen aber nicht ersetzen.<\/span><\/p>\n<div class=\"fusion-clearfix\"><\/div>\n\n\t\t\t\t\t<\/div>\n\t\t\t\t<\/div><div  class=\"fusion-layout-column fusion_builder_column fusion_builder_column_3_4  fusion-three-fourth fusion-column-first 3_4\"  style='margin-top:0px;margin-bottom:20px;width:75%;width:calc(75% - ( ( 4% ) * 0.75 ) );margin-right: 4%;'>\n\t\t\t\t\t<div class=\"fusion-column-wrapper\" style=\"background-position:left top;background-repeat:no-repeat;-webkit-background-size:cover;-moz-background-size:cover;-o-background-size:cover;background-size:cover;\"  data-bg-url=\"\">\n\t\t\t\t\t\t<p style=\"font-size: 25px; color: #170a61; font-family: economica;\">Starten Sie jetzt Ihre <strong>Online Rechtsberatung<\/strong>:<\/p>\n<div role=\"form\" class=\"wpcf7\" id=\"wpcf7-f1541-o1\" lang=\"de-DE\" dir=\"ltr\">\n<div class=\"screen-reader-response\"><p role=\"status\" aria-live=\"polite\" aria-atomic=\"true\"><\/p> <ul><\/ul><\/div>\n<form action=\"\/en\/wp-json\/wp\/v2\/pages\/1540#wpcf7-f1541-o1\" method=\"post\" class=\"wpcf7-form init wpcf7-acceptance-as-validation\" novalidate=\"novalidate\" data-status=\"init\">\n<div style=\"display: none;\">\n<input type=\"hidden\" name=\"_wpcf7\" value=\"1541\" \/>\n<input type=\"hidden\" name=\"_wpcf7_version\" value=\"5.6.4\" \/>\n<input type=\"hidden\" name=\"_wpcf7_locale\" value=\"de_DE\" \/>\n<input type=\"hidden\" name=\"_wpcf7_unit_tag\" value=\"wpcf7-f1541-o1\" \/>\n<input type=\"hidden\" name=\"_wpcf7_container_post\" value=\"0\" \/>\n<input type=\"hidden\" name=\"_wpcf7_posted_data_hash\" value=\"\" \/>\n<\/div>\n<div style=\"font-family: economica\">\n<div id=\"responsive-form\" class=\"clearfix\" style=\"padding-bottom: 20px\">\n<span class=\"wpcf7-form-control-wrap\" data-name=\"Rechtsgebiet\"><select name=\"Rechtsgebiet\" class=\"wpcf7-form-control wpcf7-select wpcf7-validates-as-required selectfield\" aria-required=\"true\" aria-invalid=\"false\"><option value=\"Allgemeine Rechtsfrage\">Allgemeine Rechtsfrage<\/option><option value=\"Arbeitsrecht M\u00fcnchen\">Arbeitsrecht M\u00fcnchen<\/option><option value=\"Verkehrsrecht\">Verkehrsrecht<\/option><option value=\"Familienrecht\">Familienrecht<\/option><option value=\"Scheidungsanw\u00e4ltin M\u00fcnchen\">Scheidungsanw\u00e4ltin M\u00fcnchen<\/option><option value=\"Vertrags- und Wirtschaftsrecht\">Vertrags- und Wirtschaftsrecht<\/option><option value=\"Immobilien- und Maklerrecht\">Immobilien- und Maklerrecht<\/option><option value=\"Arztrecht und Arzthaftung\">Arztrecht und Arzthaftung<\/option><option value=\"Immobilienrecht\">Immobilienrecht<\/option><option value=\"Verhandlungsmanagement, Verhandlungsbegleitung und Verhandlungscoaching\">Verhandlungsmanagement, Verhandlungsbegleitung und Verhandlungscoaching<\/option><option value=\"Mediation und Schiedsverfahren\">Mediation und Schiedsverfahren<\/option><\/select><\/span>\n<\/div>\n<p><span class=\"wpcf7-form-control-wrap\" data-name=\"Frage\"><textarea name=\"Frage\" cols=\"40\" rows=\"10\" class=\"wpcf7-form-control wpcf7-textarea wpcf7-validates-as-required\" aria-required=\"true\" aria-invalid=\"false\" placeholder=\"Beschreiben Sie Ihr Anliegen m\u00f6glichst genau und stellen Sie anschlie\u00dfend Ihre Frage\"><\/textarea><\/span><\/p>\n<div id=\"responsive-form\" class=\"clearfix\">\n<div class=\"fusion-one-sixth fusion-layout-column fusion-spacing-yes\" style=\"font-family: economica !important\"><span class=\"wpcf7-form-control-wrap\" data-name=\"Geschlecht\"><select name=\"Geschlecht\" class=\"wpcf7-form-control wpcf7-select wpcf7-validates-as-required selectfield\" aria-required=\"true\" aria-invalid=\"false\"><option value=\"Herr\">Herr<\/option><option value=\"Frau\">Frau<\/option><\/select><\/span><\/div>\n<div class=\"fusion-one-third fusion-layout-column fusion-spacing-yes\"><span class=\"wpcf7-form-control-wrap\" data-name=\"Vorname\"><input type=\"text\" name=\"Vorname\" value=\"\" size=\"40\" class=\"wpcf7-form-control wpcf7-text wpcf7-validates-as-required\" aria-required=\"true\" aria-invalid=\"false\" placeholder=\"Vorname\" \/><\/span><\/div>\n<div class=\"fusion-one-half fusion-layout-column fusion-column-last fusion-spacing-yes\"><span class=\"wpcf7-form-control-wrap\" data-name=\"Name\"><input type=\"text\" name=\"Name\" value=\"\" size=\"40\" class=\"wpcf7-form-control wpcf7-text wpcf7-validates-as-required\" aria-required=\"true\" aria-invalid=\"false\" placeholder=\"Name\" \/><\/span><\/div>\n<\/div>\n<div id=\"responsive-form\" class=\"clearfix\">\n<div class=\"fusion-one-third fusion-layout-column fusion-spacing-yes\"><span class=\"wpcf7-form-control-wrap\" data-name=\"Strasse\"><input type=\"text\" name=\"Strasse\" value=\"\" size=\"40\" class=\"wpcf7-form-control wpcf7-text wpcf7-validates-as-required\" aria-required=\"true\" aria-invalid=\"false\" placeholder=\"Stra\u00dfe, Hsnr.\" \/><\/span><\/div>\n<div class=\"fusion-one-third fusion-layout-column fusion-spacing-yes\"><span class=\"wpcf7-form-control-wrap\" data-name=\"PLZ\"><input type=\"text\" name=\"PLZ\" value=\"\" size=\"40\" class=\"wpcf7-form-control wpcf7-text wpcf7-validates-as-required\" aria-required=\"true\" aria-invalid=\"false\" placeholder=\"PLZ\" \/><\/span><\/div>\n<div class=\"fusion-one-third fusion-layout-column fusion-column-last fusion-spacing-yes\"><span class=\"wpcf7-form-control-wrap\" data-name=\"Ort\"><input type=\"text\" name=\"Ort\" value=\"\" size=\"40\" class=\"wpcf7-form-control wpcf7-text wpcf7-validates-as-required\" aria-required=\"true\" aria-invalid=\"false\" placeholder=\"Ort\" \/><\/span><\/div>\n<\/div>\n<div id=\"responsive-form\" class=\"clearfix\">\n<div class=\"fusion-one-third fusion-layout-column fusion-spacing-yes\"><span class=\"wpcf7-form-control-wrap\" data-name=\"E-Mail\"><input type=\"email\" name=\"E-Mail\" value=\"\" size=\"40\" class=\"wpcf7-form-control wpcf7-text wpcf7-email wpcf7-validates-as-required wpcf7-validates-as-email\" aria-required=\"true\" aria-invalid=\"false\" placeholder=\"E-Mail\" \/><\/span><\/div>\n<div class=\"fusion-one-third fusion-layout-column fusion-spacing-yes\"><span class=\"wpcf7-form-control-wrap\" data-name=\"Telefon\"><input type=\"tel\" name=\"Telefon\" value=\"\" size=\"40\" class=\"wpcf7-form-control wpcf7-text wpcf7-tel wpcf7-validates-as-required wpcf7-validates-as-tel\" aria-required=\"true\" aria-invalid=\"false\" placeholder=\"Telefon\" \/><\/span><\/div>\n<div class=\"fusion-one-third fusion-layout-column fusion-column-last fusion-spacing-yes\"><span class=\"wpcf7-form-control-wrap\" data-name=\"IBAN\"><input type=\"text\" name=\"IBAN\" value=\"\" size=\"40\" class=\"wpcf7-form-control wpcf7-text wpcf7-validates-as-required\" aria-required=\"true\" aria-invalid=\"false\" placeholder=\"IBAN\" \/><\/span><\/div>\n<\/div>\n<div style=\"padding: 8px; margin-bottom: 15px; border: 1px solid #ccc;\"><span class=\"wpcf7-form-control-wrap\" data-name=\"accept-this-widerrufsbelehrung\"><span class=\"wpcf7-form-control wpcf7-acceptance\"><span class=\"wpcf7-list-item\"><input type=\"checkbox\" name=\"accept-this-widerrufsbelehrung\" value=\"1\" aria-invalid=\"false\" \/><\/span><\/span><\/span> Die unten stehende <a href=\"\/online-rechtsberatung-vom-rechtsanwalt-via-e-mail\/#widerruf\" style=\"font-weight: 600\">Widerrufsbelehrung<\/a> habe ich zur Kenntnis genommen.<\/div>\n<div style=\"padding: 8px; margin-bottom: 15px; border: 1px solid #ccc;\"><span class=\"wpcf7-form-control-wrap\" data-name=\"accept-this-widerrufsverzicht\"><span class=\"wpcf7-form-control wpcf7-acceptance\"><span class=\"wpcf7-list-item\"><input type=\"checkbox\" name=\"accept-this-widerrufsverzicht\" value=\"1\" aria-invalid=\"false\" \/><\/span><\/span><\/span>Ich verlange und bin ausdr\u00fccklich damit einverstanden, dass Sie im Falle der Annahme Ihres Angebotes durch mich bereits vor dem Ende der Widerrufsfrist mit der Ausf\u00fchrung der Dienstleistung, die Gegenstand des zu schlie\u00dfenden Vertrags ist, beginnen. Dar\u00fcber hinaus ist mir bekannt, dass nach vollst\u00e4ndiger Vertragserf\u00fcllung das mir gesetzlich zustehende Widerrufsrecht entf\u00e4llt.<\/div>\n<div style=\"padding: 8px; margin-bottom: 15px; border: 1px solid #ccc;\"><span class=\"wpcf7-form-control-wrap\" data-name=\"accept-this-lastschrift\"><span class=\"wpcf7-form-control wpcf7-acceptance\"><span class=\"wpcf7-list-item\"><input type=\"checkbox\" name=\"accept-this-lastschrift\" value=\"1\" aria-invalid=\"false\" \/><\/span><\/span><\/span> Hiermit erm\u00e4chtige ich Braun Rechtsanw\u00e4lte, nach der Beantwortung meiner Frage, das Honorar vom o.g. Konto mittels Lastschrift einzuziehen.<\/div>\n<p><input type=\"submit\" value=\"Jetzt Frage stellen\" class=\"wpcf7-form-control has-spinner wpcf7-submit\" \/>\n<\/p><\/div>\n<div class=\"wpcf7-response-output\" aria-hidden=\"true\"><\/div><\/form><\/div>\n<div class=\"fusion-clearfix\"><\/div>\n\n\t\t\t\t\t<\/div>\n\t\t\t\t<\/div><div  class=\"fusion-layout-column fusion_builder_column fusion_builder_column_1_4  fusion-one-fourth fusion-column-last 1_4\"  style='margin-top:0px;margin-bottom:20px;width:25%;width:calc(25% - ( ( 4% ) * 0.25 ) );'>\n\t\t\t\t\t<div class=\"fusion-column-wrapper\" style=\"background-position:left top;background-repeat:no-repeat;-webkit-background-size:cover;-moz-background-size:cover;-o-background-size:cover;background-size:cover;\"  data-bg-url=\"\">\n\t\t\t\t\t\t<h2>Ihre Vorteile<\/h2>\n<div style=\"padding-bottom: 10px; font-family: economica; font-size: 17px;\"><strong><span style=\"color: #339966;\">\u2713<\/span> Kostenloses Angebot<\/strong><\/div>\n<div style=\"padding-bottom: 10px; font-family: economica; font-size: 17px;\"><strong><span style=\"color: #339966;\">\u2713<\/span> \u00a0Schnelle Beantwortung<\/strong><\/div>\n<div style=\"padding-bottom: 10px; font-family: economica; font-size: 17px;\"><strong><span style=\"color: #339966;\">\u2713<\/span> \u00a0Einfache Abwicklung<\/strong><\/div>\n<div style=\"padding-bottom: 10px; font-family: economica; font-size: 17px;\"><strong><span style=\"color: #339966;\">\u2713<\/span> \u00a0Zeit und Geld sparen<\/strong><\/div>\n<div style=\"padding-bottom: 10px; font-family: economica; font-size: 17px;\"><strong><span style=\"color: #339966;\">\u2713<\/span> \u00a0Schriftliche Antwort<\/strong><\/div>\n<div style=\"padding-bottom: 10px; font-family: economica; font-size: 17px;\"><strong><span style=\"color: #339966;\">\u2713<\/span> \u00a0Bezahlung per Lastschrift<\/strong><\/div>\n<div class=\"fusion-sep-clear\"><\/div><div class=\"fusion-separator fusion-full-width-sep sep-none\" style=\"margin-left: auto;margin-right: auto;margin-top:20px;\"><\/div><h2>Und so geht&#8217;s:<\/h2>\n<div style=\"padding-bottom: 10px; font-family: economica; font-size: 17px;\"><strong><span style=\"color: #339966;\">\u2713<\/span> Unverbindlich Rechtsfrage senden<\/strong><\/div>\n<div style=\"padding-bottom: 10px; font-family: economica; font-size: 17px;\"><strong><span style=\"color: #339966;\">\u2713<\/span> Kostenloses Angebot erhalten<\/strong><\/div>\n<div style=\"padding-bottom: 10px; font-family: economica; font-size: 17px;\"><strong><span style=\"color: #339966;\">\u2713<\/span> Zustimmen oder Ablehnen<\/strong><\/div>\n<div style=\"padding-bottom: 10px; font-family: economica; font-size: 17px;\"><strong><span style=\"color: #339966;\">\u2713<\/span> Antwort erhalten<\/strong><\/div>\n<div style=\"padding-bottom: 10px; font-family: economica; font-size: 17px;\"><strong><span style=\"color: #339966;\">\u2713<\/span> Innerhalb von 48h eine R\u00fcckfrage<\/strong><\/div>\n<div style=\"padding-bottom: 10px; font-family: economica; font-size: 17px;\"><strong><span style=\"color: #339966;\">\u2713<\/span> Antwort erhalten<\/strong><\/div>\n<div style=\"padding-bottom: 10px; font-family: economica; font-size: 17px;\"><strong><span style=\"color: #339966;\">\u2713<\/span> Bezahlung<\/strong><\/div>\n<div class=\"fusion-clearfix\"><\/div>\n\n\t\t\t\t\t<\/div>\n\t\t\t\t<\/div><div  class=\"fusion-layout-column fusion_builder_column fusion_builder_column_1_1  fusion-one-full fusion-column-first fusion-column-last 1_1\"  style='margin-top:0px;margin-bottom:20px;'>\n\t\t\t\t\t<div class=\"fusion-column-wrapper\" style=\"background-position:left top;background-repeat:no-repeat;-webkit-background-size:cover;-moz-background-size:cover;-o-background-size:cover;background-size:cover;\"  data-bg-url=\"\">\n\t\t\t\t\t\t<span class=\"fusion-imageframe imageframe-none imageframe-2 hover-type-none\"><img decoding=\"async\" src=\"http:\/\/braun-rae.de\/wp-content\/uploads\/2016\/06\/SEPRIGHT.png\" width=\"\" height=\"\" alt=\"\" title=\"\" class=\"img-responsive\"\/><\/span><div class=\"fusion-clearfix\"><\/div>\n\n\t\t\t\t\t<\/div>\n\t\t\t\t<\/div><\/div><\/div><div id=\"widerruf\"><div  class=\"fusion-fullwidth fullwidth-box fusion-blend-mode onlinerechtsberatung nonhundred-percent-fullwidth\"  style='background-color: rgba(255,255,255,0);background-position: center center;background-repeat: no-repeat;padding-top:0px;padding-right:0px;padding-bottom:20px;padding-left:0px;'><div class=\"fusion-builder-row fusion-row \"><div  class=\"fusion-layout-column fusion_builder_column fusion_builder_column_1_1  fusion-one-full fusion-column-first fusion-column-last 1_1\"  style='margin-top:0px;margin-bottom:20px;'>\n\t\t\t\t\t<div class=\"fusion-column-wrapper\" style=\"background-position:left top;background-repeat:no-repeat;-webkit-background-size:cover;-moz-background-size:cover;-o-background-size:cover;background-size:cover;\"  data-bg-url=\"\">\n\t\t\t\t\t\t<h3>Widerrufsbelehrung<\/h3>\n<h4>Widerrufsrecht:<\/h4>\n<p>Sie k\u00f6nnen Ihre Vertragserkl\u00e4rung innerhalb von 2 Wochen ohne Angaben von Gr\u00fcnden in Textform (z.B. Brief, Fax, Email) widerrufen. Die Frist beginnt fr\u00fchestens mit Erhalt dieser Belehrung. Zur Wahrung der Widerrufsfrist gen\u00fcgt die rechtzeitige Absendung des Widerrufs. Der Widerruf ist zu richten an:<\/p>\n<p>Braun Rechtsanw\u00e4ltin M\u00fcnchen<br \/>\nKirchenstra\u00dfe 87b<br \/>\nD-81675 M\u00fcnchen<br \/>\nEmail: sekretariat@braun-rae.de<\/p>\n<p>Wir weisen nochmals darauf hin, dass das Ihnen gesetzlich zustehende Widerrufsrecht entf\u00e4llt, wenn Sie ausdr\u00fccklich verlangt haben und damit einverstanden waren, dass wir im Falle der Annahme unseres Angebotes durch Sie noch vor dem Ende der Widerrufsfrist mit der Ausf\u00fchrung der Dienstleistung, die Gegenstand des zu schlie\u00dfenden Vertrags ist, beginnen.<\/p>\n<h4>Widerrufsfolgen:<\/h4>\n<p>Im Falle eines wirksamen Widerrufs gilt ein Vertrag als nicht zustande gekommen. Bereits empfangene Leistungen sind zur\u00fcck zu gew\u00e4hren.<br \/>\nDas Widerrufsrecht kann gem\u00e4\u00df \u00a7 356 BGB nicht mehr ausge\u00fcbt werden, wenn mit ausdr\u00fccklicher Zustimmung des Mandanten die Rechtsberatung vor Ablauf der Widerrufsfrist bereits begonnen hat.<\/p>\n<div class=\"fusion-clearfix\"><\/div>\n\n\t\t\t\t\t<\/div>\n\t\t\t\t<\/div><\/div><\/div><\/div><\/p>\n","protected":false},"excerpt":{"rendered":"","protected":false},"author":1,"featured_media":0,"parent":0,"menu_order":0,"comment_status":"closed","ping_status":"closed","template":"","meta":{"_mi_skip_tracking":false,"footnotes":""},"class_list":["post-1540","page","type-page","status-publish","hentry"],"translation":{"provider":"WPGlobus","version":"2.10.6","language":"en","enabled_languages":["de","en","it"],"languages":{"de":{"title":true,"content":true,"excerpt":false},"en":{"title":false,"content":false,"excerpt":false},"it":{"title":false,"content":false,"excerpt":false}}},"yoast_head":"<!-- This site is optimized with the Yoast SEO plugin v19.11 - https:\/\/yoast.com\/wordpress\/plugins\/seo\/ -->\n<title>Online Rechtsberatung vom Rechtsanwalt via E-Mail - Braun Lawyers Munich<\/title>\n<meta name=\"robots\" content=\"index, follow, max-snippet:-1, max-image-preview:large, max-video-preview:-1\" \/>\n<link rel=\"canonical\" href=\"https:\/\/braun-rae.de\/online-rechtsberatung-vom-rechtsanwalt-via-e-mail\/\" class=\"yoast-seo-meta-tag\" \/>\n<meta property=\"og:locale\" content=\"en_US\" class=\"yoast-seo-meta-tag\" \/>\n<meta property=\"og:type\" content=\"article\" class=\"yoast-seo-meta-tag\" \/>\n<meta property=\"og:title\" content=\"Online Rechtsberatung vom Rechtsanwalt via E-Mail - Braun Lawyers Munich\" class=\"yoast-seo-meta-tag\" \/>\n<meta property=\"og:url\" content=\"https:\/\/braun-rae.de\/online-rechtsberatung-vom-rechtsanwalt-via-e-mail\/\" class=\"yoast-seo-meta-tag\" \/>\n<meta property=\"og:site_name\" content=\"Braun Lawyers Munich\" class=\"yoast-seo-meta-tag\" \/>\n<meta property=\"article:modified_time\" content=\"2024-08-23T08:46:33+00:00\" class=\"yoast-seo-meta-tag\" \/>\n<meta name=\"twitter:card\" content=\"summary_large_image\" class=\"yoast-seo-meta-tag\" \/>\n<meta name=\"twitter:label1\" content=\"Est. reading time\" class=\"yoast-seo-meta-tag\" \/>\n\t<meta name=\"twitter:data1\" content=\"4 minutes\" class=\"yoast-seo-meta-tag\" \/>\n<script type=\"application\/ld+json\" class=\"yoast-schema-graph\">{\"@context\":\"https:\/\/schema.org\",\"@graph\":[{\"@type\":\"WebPage\",\"@id\":\"https:\/\/braun-rae.de\/online-rechtsberatung-vom-rechtsanwalt-via-e-mail\/\",\"url\":\"https:\/\/braun-rae.de\/online-rechtsberatung-vom-rechtsanwalt-via-e-mail\/\",\"name\":\"Online Rechtsberatung vom Rechtsanwalt via E-Mail - Braun Lawyers Munich\",\"isPartOf\":{\"@id\":\"https:\/\/braun-rae.de\/#website\"},\"datePublished\":\"2016-11-16T15:11:58+00:00\",\"dateModified\":\"2024-08-23T08:46:33+00:00\",\"breadcrumb\":{\"@id\":\"https:\/\/braun-rae.de\/online-rechtsberatung-vom-rechtsanwalt-via-e-mail\/#breadcrumb\"},\"inLanguage\":\"en-US\",\"potentialAction\":[{\"@type\":\"ReadAction\",\"target\":[\"https:\/\/braun-rae.de\/online-rechtsberatung-vom-rechtsanwalt-via-e-mail\/\"]}]},{\"@type\":\"BreadcrumbList\",\"@id\":\"https:\/\/braun-rae.de\/online-rechtsberatung-vom-rechtsanwalt-via-e-mail\/#breadcrumb\",\"itemListElement\":[{\"@type\":\"ListItem\",\"position\":1,\"name\":\"Startseite\",\"item\":\"https:\/\/braun-rae.de\/\"},{\"@type\":\"ListItem\",\"position\":2,\"name\":\"Online Rechtsberatung vom Rechtsanwalt via E-Mail\"}]},{\"@type\":\"WebSite\",\"@id\":\"https:\/\/braun-rae.de\/#website\",\"url\":\"https:\/\/braun-rae.de\/\",\"name\":\"Braun Lawyers Munich\",\"description\":\"We Move Things.\",\"potentialAction\":[{\"@type\":\"SearchAction\",\"target\":{\"@type\":\"EntryPoint\",\"urlTemplate\":\"https:\/\/braun-rae.de\/?s={search_term_string}\"},\"query-input\":\"required name=search_term_string\"}],\"inLanguage\":\"en-US\"}]}<\/script>\n<!-- \/ Yoast SEO plugin. -->","yoast_head_json":{"title":"Online Rechtsberatung vom Rechtsanwalt via E-Mail - Braun Lawyers Munich","robots":{"index":"index","follow":"follow","max-snippet":"max-snippet:-1","max-image-preview":"max-image-preview:large","max-video-preview":"max-video-preview:-1"},"canonical":"https:\/\/braun-rae.de\/online-rechtsberatung-vom-rechtsanwalt-via-e-mail\/","og_locale":"en_US","og_type":"article","og_title":"Online Rechtsberatung vom Rechtsanwalt via E-Mail - Braun Lawyers Munich","og_url":"https:\/\/braun-rae.de\/online-rechtsberatung-vom-rechtsanwalt-via-e-mail\/","og_site_name":"Braun Lawyers Munich","article_modified_time":"2024-08-23T08:46:33+00:00","twitter_card":"summary_large_image","twitter_misc":{"Est. reading time":"4 minutes"},"schema":{"@context":"https:\/\/schema.org","@graph":[{"@type":"WebPage","@id":"https:\/\/braun-rae.de\/online-rechtsberatung-vom-rechtsanwalt-via-e-mail\/","url":"https:\/\/braun-rae.de\/online-rechtsberatung-vom-rechtsanwalt-via-e-mail\/","name":"Online Rechtsberatung vom Rechtsanwalt via E-Mail - Braun Lawyers Munich","isPartOf":{"@id":"https:\/\/braun-rae.de\/#website"},"datePublished":"2016-11-16T15:11:58+00:00","dateModified":"2024-08-23T08:46:33+00:00","breadcrumb":{"@id":"https:\/\/braun-rae.de\/online-rechtsberatung-vom-rechtsanwalt-via-e-mail\/#breadcrumb"},"inLanguage":"en-US","potentialAction":[{"@type":"ReadAction","target":["https:\/\/braun-rae.de\/online-rechtsberatung-vom-rechtsanwalt-via-e-mail\/"]}]},{"@type":"BreadcrumbList","@id":"https:\/\/braun-rae.de\/online-rechtsberatung-vom-rechtsanwalt-via-e-mail\/#breadcrumb","itemListElement":[{"@type":"ListItem","position":1,"name":"Startseite","item":"https:\/\/braun-rae.de\/"},{"@type":"ListItem","position":2,"name":"Online Rechtsberatung vom Rechtsanwalt via E-Mail"}]},{"@type":"WebSite","@id":"https:\/\/braun-rae.de\/#website","url":"https:\/\/braun-rae.de\/","name":"Braun Lawyers Munich","description":"We Move Things.","potentialAction":[{"@type":"SearchAction","target":{"@type":"EntryPoint","urlTemplate":"https:\/\/braun-rae.de\/?s={search_term_string}"},"query-input":"required name=search_term_string"}],"inLanguage":"en-US"}]}},"_links":{"self":[{"href":"https:\/\/braun-rae.de\/en\/wp-json\/wp\/v2\/pages\/1540","targetHints":{"allow":["GET"]}}],"collection":[{"href":"https:\/\/braun-rae.de\/en\/wp-json\/wp\/v2\/pages"}],"about":[{"href":"https:\/\/braun-rae.de\/en\/wp-json\/wp\/v2\/types\/page"}],"author":[{"embeddable":true,"href":"https:\/\/braun-rae.de\/en\/wp-json\/wp\/v2\/users\/1"}],"replies":[{"embeddable":true,"href":"https:\/\/braun-rae.de\/en\/wp-json\/wp\/v2\/comments?post=1540"}],"version-history":[{"count":2,"href":"https:\/\/braun-rae.de\/en\/wp-json\/wp\/v2\/pages\/1540\/revisions"}],"predecessor-version":[{"id":1909,"href":"https:\/\/braun-rae.de\/en\/wp-json\/wp\/v2\/pages\/1540\/revisions\/1909"}],"wp:attachment":[{"href":"https:\/\/braun-rae.de\/en\/wp-json\/wp\/v2\/media?parent=1540"}],"curies":[{"name":"wp","href":"https:\/\/api.w.org\/{rel}","templated":true}]}}