{"id":1097,"date":"2016-06-21T11:43:01","date_gmt":"2016-06-21T09:43:01","guid":{"rendered":"http:\/\/braun-rae.de\/?page_id=1097"},"modified":"2024-08-23T10:43:20","modified_gmt":"2024-08-23T08:43:20","slug":"impressum-rechtsanwaelte-muenchen","status":"publish","type":"page","link":"https:\/\/braun-rae.de\/en\/impressum-rechtsanwaelte-muenchen\/","title":{"rendered":"Imprint Lawyers Munich"},"content":{"rendered":"<h3>Address<\/h3>\n<p>B R A U N<br \/>\nRechtsanw\u00e4lte M\u00fcnchen<br \/>\nAm Kosttor 2<br \/>\nD-80331 M\u00fcnchen<\/p>\n<p>Umsatzsteuer-Identifikationsnummer: DE 171124821<\/p>\n<p>Fon: +49 (0)89 88 909 372<br \/>\nFax: +49 (0)89 88 909 379<br \/>\nE-mail: sekretariat@braun-rae.de<br \/>\nWeb: www.braun-rae.de<\/p>\n<h3>Supervisory authority<\/h3>\n<p>The professionals working in our law firm are members of the Bar Association for the Higher Regional Court of Munich, whose contact information are:<\/p>\n<p>Bar Association for the Higher Regional Court of Munich,<br \/>\nIm Tal 33, 80331 Munich, Federal Republic of Germany<br \/>\nTel: +49 (0)89\/5329440, Telefax: +49 (0)89\/53294428.<\/p>\n<h3>Professional Rules for Lawyers<\/h3>\n<p>Die Berufungsbezeichnung der in unserer Kanzlei t\u00e4tigen Berufstr\u00e4ger lautet: \u201cRechtsanwalt, Rechtsanw\u00e4ltin Bundesrepublik Deutschland\u201d.<\/p>\n<h4>Berufsrechtliche Regelungen der Rechtsanw\u00e4lte<\/h4>\n<p>DThe relevant occupational regulations include, among others, the Federal German Lawyers \u2018Act, the Professional Code of Conduct, the German Specialist Lawyers Act, the German Lawyers\u2019 Remuneration Act and the Code of Conduct for Lawyers in the European Union.<br \/>\n\u00b7 BBRAO \u2013 Bundesrechtsanwaltsordnung (Federal German Lawyers \u2018Act)<br \/>\n\u00b7 BRAO \u2013 Bundesrechtsanwaltsordnung (Federal German Lawyers \u2018Act)<br \/>\n\u00b7 Fachanwaltsordnung (German Specialist Lawyers Act)<br \/>\n\u00b7 RVG Rechtsanwaltsverg\u00fctungsgesetz (German Lawyers\u2019 Remuneration Act)<br \/>\n\u00b7 Berufsregeln der Rechtsanw\u00e4lte der Europ\u00e4ischen Gemeinschaft (CCBE) (Code of Conduct for Lawyers in the European Union)<br \/>\n\u00b7 Gesetz \u00fcber die T\u00e4tigkeit europ\u00e4ischer Rechtsanw\u00e4lte in Deutschland (EuRAG) v. 9. 3. 2000 (BGBl. I S. 182) (Act on the Activity of European Lawyers in Germany)<\/p>\n<p>The current legal texts are available on the website of the Federal German Bar Association.<\/p>\n<h4>Professional title, Local approval authority<\/h4>\n<p>The occupational title of professionals working in our law firm is: \u201d Attorney-of-Law of the Federal Republic of Germany\u201d.<\/p>\n<p>The legal occupational title of \u201cAttorney-of-Law \u201d was awarded by the Bavarian State Ministry of Justice and Consumer Protection (StMJV) Prielmayerstra\u00dfe 7, 80335 Munich.<br \/>\nLawyer Michaela Braun is a member of the Munich Chamber of Lawyers. The title \u201cAttorney-of-Law\u201d was conferred in the Federal Republic of Germany.<br \/>\nLawyer Alban Brown is a member of the Munich Chamber of Lawyers. The title \u201cAttorney-of-Law\u201d was conferred in the Federal Republic of Germany.<br \/>\nLawyer Vivien Holy is a member of the Bar Association Munich. The title \u201d Attorney-of-Law\u201d was conferred in the Federal Republic of Germany.<\/p>\n<h4>Professional Liability Insurance<\/h4>\n<p>Lawyers are required by the Federal German Lawyers\u2019 Act (BRAO) to maintain professional liability insurance with an insured sum in amount of \u20ac 250,000.00. The details are given in \u00a7 51 the Federal German Lawyers\u2019 Act (BRAO).<br \/>\nOur professional liability insurance is provided by ERGO Insurance Group, Thomas-Dehler-Stra\u00dfe 2, 81737 Munich, Germany. The geographical scope of insurance covers activities in the Member States of the European Union and it is sufficient to cover at least the minimum requirements of \u00a7 51 of the Federal German Lawyers\u2019 Act (BRAO).<\/p>\n<h4>Legal form<\/h4>\n<p>The company is active in the legal form of a single legal-practice company.<\/p>\n<h4>Price indications<\/h4>\n<p>The settlement with the client is fundamentally based on the German Lawyers\u2019 Compensation Act (RVG). As far as settlements occur otherwise, agreements pursuant to \u00a7 34 RVG (German Lawyers\u2019 Compensation Act) and compensation arrangements in accordance with \u00a7 \u00a7 3 a et. seq. RVG (German Lawyers\u2019 Compensation Act) are negotiated with the client, prior to the transfer of mandate from the client, and will be set out in writing.<\/p>\n<h4>Arbitration board<\/h4>\n<p>It should be noted that the competent Munich Bar Association maintains a conciliation board for disputes between our company and the client, in order to avoid legal disputes. Alternatively, the client can address the Ombudsman at the Federal Bar Association in Berlin with requests for arbitration. The prerequisite for arbitration is that the underlying value of the dispute is not more than \u20ac 15,000.<\/p>\n<h4>The addresses of alternative dispute resolution bodies are:<\/h4>\n<p>Bar Association for the Higher Regional Court of Munich, Tal 33, 80331 Munich.<br \/>\nOmbudsman Berlin at the Federal Bar Association of Berlin, Litt Stra\u00dfe 9, 10179 Berlin<\/p>\n<h4>Copyrights<\/h4>\n<p>Basically, all trademarks are the property of their respective owners. All brands and trademarks registered on this website and protected by third parties are subject without restriction to the provisions of the applicable trademark law and the ownership rights of the registered owners. The mere mention does not lead to the conclusion that trademarks are not protected by third party rights.<br \/>\nThe copyright for objects created by the author of this website remains with the author of this website. Any duplication or use of these works, of any kind, by third parties, without the express permission of the author, is prohibited.<\/p>\n<p>The author reserves the right to modify the content of the information presented on this website, together with all related components, at any time, fully or partially, or to supplement or completely abandon the provision of this information over the Internet. The offer shall remain free from any obligation. Third parties are not entitled to raise any claim for their use.<\/p>\n<h4>Limitation \/ Exclusion of liability<\/h4>\n<p>The author assumes any responsibility for the accuracy, completeness, timeliness or quality of the information provided, and for foreign programs. Liability claims against the author for damages of any kind, including those caused by the use or non-use of information and foreign programs offered or the use of any incorrect and \/ or incomplete information and third-party programs are excluded, unless there is an intentional or grossly negligent action on behalf of the author.<\/p>\n<h4>Severability<\/h4>\n<p>If any part of this disclaimer, which is an essential part of the offer presented on the website, as operated by the author, and all its components, in particular the disclaimer, is or becomes invalid, the validity of the remaining provisions shall not be affected.<\/p>\n<h4>Website<\/h4>\n<p>Layout: Michaela Braun<br \/>\nDesign: Christopher Diesing<\/p>\n<h4>Photo credits<\/h4>\n<ul>\n<li>\u00a9 istockphoto.com \u2013 ID 22232453 \u2013 David Franklin<\/li>\n<li>\u00a9 istockphoto.com \u2013 ID 18580648 \u2013 kzenon<\/li>\n<li>Bild Rechtsgebiete: \u201eLaw Label Set\u201c: http:\/\/graphicriver.net\/, Item ID: 12067282, Licensor\u2019s Author Username:\u00a0macrovector<\/li>\n<li>Bild Rechtsgebiete: \u201eLawyer\u201c: http:\/\/photodune.net\/, Item ID: 5099155, Licensor\u2019s Author Username: emiliau<\/li>\n<li>Bild \/rechtsanwaeltin-fuer-frauen\/: \u201elawyer in the office\u201c: http:\/\/photodune.net\/, Item ID: 3176117, Licensor\u2019s Author Username: PetraD<\/li>\n<\/ul>\n<p>All data in this website is intended solely for the purpose of offering a general idea and is neither intended to generate business nor to create any professionally binding effect.<\/p>\n","protected":false},"excerpt":{"rendered":"<p>Address B R A U N Rechtsanw\u00e4lte M\u00fcnchen Am Kosttor 2 D-80331 M\u00fcnchen Umsatzsteuer-Identifikationsnummer: DE 171124821 Fon: +49 (0)89 88 909 372 Fax: +49 (0)89 88 909 379 E-mail: sekretariat@braun-rae.de Web: www.braun-rae.de Supervisory authority The professionals working in our law firm are members of the Bar Association for the Higher Regional Court of Munich, whose [&hellip;]<\/p>\n","protected":false},"author":1,"featured_media":0,"parent":0,"menu_order":0,"comment_status":"closed","ping_status":"closed","template":"","meta":{"_mi_skip_tracking":false,"footnotes":""},"class_list":["post-1097","page","type-page","status-publish","hentry"],"translation":{"provider":"WPGlobus","version":"2.10.6","language":"en","enabled_languages":["de","en","it"],"languages":{"de":{"title":true,"content":true,"excerpt":false},"en":{"title":true,"content":true,"excerpt":false},"it":{"title":true,"content":true,"excerpt":false}}},"yoast_head":"<!-- This site is optimized with the Yoast SEO plugin v19.11 - https:\/\/yoast.com\/wordpress\/plugins\/seo\/ -->\n<title>Imprint Lawyers Munich - Braun Lawyers Munich<\/title>\n<meta name=\"robots\" content=\"index, follow, max-snippet:-1, max-image-preview:large, max-video-preview:-1\" \/>\n<link rel=\"canonical\" href=\"https:\/\/braun-rae.de\/impressum-rechtsanwaelte-muenchen\/\" class=\"yoast-seo-meta-tag\" \/>\n<meta property=\"og:locale\" content=\"en_US\" class=\"yoast-seo-meta-tag\" \/>\n<meta property=\"og:type\" content=\"article\" class=\"yoast-seo-meta-tag\" \/>\n<meta property=\"og:title\" content=\"Imprint Lawyers Munich - Braun Lawyers Munich\" class=\"yoast-seo-meta-tag\" \/>\n<meta property=\"og:url\" content=\"https:\/\/braun-rae.de\/impressum-rechtsanwaelte-muenchen\/\" class=\"yoast-seo-meta-tag\" \/>\n<meta property=\"og:site_name\" content=\"Braun Lawyers Munich\" class=\"yoast-seo-meta-tag\" \/>\n<meta property=\"article:modified_time\" content=\"2024-08-23T08:43:20+00:00\" class=\"yoast-seo-meta-tag\" \/>\n<meta name=\"twitter:card\" content=\"summary_large_image\" class=\"yoast-seo-meta-tag\" \/>\n<meta name=\"twitter:label1\" content=\"Est. reading time\" class=\"yoast-seo-meta-tag\" \/>\n\t<meta name=\"twitter:data1\" content=\"19 minutes\" class=\"yoast-seo-meta-tag\" \/>\n<script type=\"application\/ld+json\" class=\"yoast-schema-graph\">{\"@context\":\"https:\/\/schema.org\",\"@graph\":[{\"@type\":\"WebPage\",\"@id\":\"https:\/\/braun-rae.de\/impressum-rechtsanwaelte-muenchen\/\",\"url\":\"https:\/\/braun-rae.de\/impressum-rechtsanwaelte-muenchen\/\",\"name\":\"Imprint Lawyers Munich - Braun Lawyers Munich\",\"isPartOf\":{\"@id\":\"https:\/\/braun-rae.de\/#website\"},\"datePublished\":\"2016-06-21T09:43:01+00:00\",\"dateModified\":\"2024-08-23T08:43:20+00:00\",\"breadcrumb\":{\"@id\":\"https:\/\/braun-rae.de\/impressum-rechtsanwaelte-muenchen\/#breadcrumb\"},\"inLanguage\":\"en-US\",\"potentialAction\":[{\"@type\":\"ReadAction\",\"target\":[\"https:\/\/braun-rae.de\/impressum-rechtsanwaelte-muenchen\/\"]}]},{\"@type\":\"BreadcrumbList\",\"@id\":\"https:\/\/braun-rae.de\/impressum-rechtsanwaelte-muenchen\/#breadcrumb\",\"itemListElement\":[{\"@type\":\"ListItem\",\"position\":1,\"name\":\"Startseite\",\"item\":\"https:\/\/braun-rae.de\/\"},{\"@type\":\"ListItem\",\"position\":2,\"name\":\"Impressum Rechtsanw\u00e4ltin M\u00fcnchen\"}]},{\"@type\":\"WebSite\",\"@id\":\"https:\/\/braun-rae.de\/#website\",\"url\":\"https:\/\/braun-rae.de\/\",\"name\":\"Braun Lawyers Munich\",\"description\":\"We Move Things.\",\"potentialAction\":[{\"@type\":\"SearchAction\",\"target\":{\"@type\":\"EntryPoint\",\"urlTemplate\":\"https:\/\/braun-rae.de\/?s={search_term_string}\"},\"query-input\":\"required name=search_term_string\"}],\"inLanguage\":\"en-US\"}]}<\/script>\n<!-- \/ Yoast SEO plugin. -->","yoast_head_json":{"title":"Imprint Lawyers Munich - Braun Lawyers Munich","robots":{"index":"index","follow":"follow","max-snippet":"max-snippet:-1","max-image-preview":"max-image-preview:large","max-video-preview":"max-video-preview:-1"},"canonical":"https:\/\/braun-rae.de\/impressum-rechtsanwaelte-muenchen\/","og_locale":"en_US","og_type":"article","og_title":"Imprint Lawyers Munich - Braun Lawyers Munich","og_url":"https:\/\/braun-rae.de\/impressum-rechtsanwaelte-muenchen\/","og_site_name":"Braun Lawyers Munich","article_modified_time":"2024-08-23T08:43:20+00:00","twitter_card":"summary_large_image","twitter_misc":{"Est. reading time":"19 minutes"},"schema":{"@context":"https:\/\/schema.org","@graph":[{"@type":"WebPage","@id":"https:\/\/braun-rae.de\/impressum-rechtsanwaelte-muenchen\/","url":"https:\/\/braun-rae.de\/impressum-rechtsanwaelte-muenchen\/","name":"Imprint Lawyers Munich - Braun Lawyers Munich","isPartOf":{"@id":"https:\/\/braun-rae.de\/#website"},"datePublished":"2016-06-21T09:43:01+00:00","dateModified":"2024-08-23T08:43:20+00:00","breadcrumb":{"@id":"https:\/\/braun-rae.de\/impressum-rechtsanwaelte-muenchen\/#breadcrumb"},"inLanguage":"en-US","potentialAction":[{"@type":"ReadAction","target":["https:\/\/braun-rae.de\/impressum-rechtsanwaelte-muenchen\/"]}]},{"@type":"BreadcrumbList","@id":"https:\/\/braun-rae.de\/impressum-rechtsanwaelte-muenchen\/#breadcrumb","itemListElement":[{"@type":"ListItem","position":1,"name":"Startseite","item":"https:\/\/braun-rae.de\/"},{"@type":"ListItem","position":2,"name":"Impressum Rechtsanw\u00e4ltin M\u00fcnchen"}]},{"@type":"WebSite","@id":"https:\/\/braun-rae.de\/#website","url":"https:\/\/braun-rae.de\/","name":"Braun Lawyers Munich","description":"We Move Things.","potentialAction":[{"@type":"SearchAction","target":{"@type":"EntryPoint","urlTemplate":"https:\/\/braun-rae.de\/?s={search_term_string}"},"query-input":"required name=search_term_string"}],"inLanguage":"en-US"}]}},"_links":{"self":[{"href":"https:\/\/braun-rae.de\/en\/wp-json\/wp\/v2\/pages\/1097","targetHints":{"allow":["GET"]}}],"collection":[{"href":"https:\/\/braun-rae.de\/en\/wp-json\/wp\/v2\/pages"}],"about":[{"href":"https:\/\/braun-rae.de\/en\/wp-json\/wp\/v2\/types\/page"}],"author":[{"embeddable":true,"href":"https:\/\/braun-rae.de\/en\/wp-json\/wp\/v2\/users\/1"}],"replies":[{"embeddable":true,"href":"https:\/\/braun-rae.de\/en\/wp-json\/wp\/v2\/comments?post=1097"}],"version-history":[{"count":5,"href":"https:\/\/braun-rae.de\/en\/wp-json\/wp\/v2\/pages\/1097\/revisions"}],"predecessor-version":[{"id":1905,"href":"https:\/\/braun-rae.de\/en\/wp-json\/wp\/v2\/pages\/1097\/revisions\/1905"}],"wp:attachment":[{"href":"https:\/\/braun-rae.de\/en\/wp-json\/wp\/v2\/media?parent=1097"}],"curies":[{"name":"wp","href":"https:\/\/api.w.org\/{rel}","templated":true}]}}