{"id":1076,"date":"2016-06-21T10:48:04","date_gmt":"2016-06-21T08:48:04","guid":{"rendered":"http:\/\/braun-rae.de\/?page_id=1076"},"modified":"2024-08-27T17:49:20","modified_gmt":"2024-08-27T15:49:20","slug":"braun-rechtsanwaeltin-muenchen","status":"publish","type":"page","link":"https:\/\/braun-rae.de\/en\/braun-rechtsanwaeltin-muenchen\/","title":{"rendered":"About Us Lawyer Munich"},"content":{"rendered":"<div  class=\"fusion-fullwidth fullwidth-box fusion-blend-mode hundred-percent-fullwidth\"  style='background-color: rgba(255,255,255,0);background-position: center center;background-repeat: no-repeat;padding-top:0px;padding-right:0px;padding-bottom:0px;padding-left:0px;'><div class=\"fusion-builder-row fusion-row \"><div  class=\"fusion-layout-column fusion_builder_column fusion_builder_column_1_1  fusion-one-full fusion-column-first fusion-column-last fusion-column-no-min-height 1_1\"  style='margin-top:0px;margin-bottom:0px;'>\n\t\t\t\t\t<div class=\"fusion-column-wrapper\" style=\"background-position:left top;background-repeat:no-repeat;-webkit-background-size:cover;-moz-background-size:cover;-o-background-size:cover;background-size:cover;\"  data-bg-url=\"\">\n\t\t\t\t\t\t<h1><img loading=\"lazy\" decoding=\"async\" class=\"alignleft size-full wp-image-1270\" src=\"http:\/\/braun-rae.de\/wp-content\/uploads\/2016\/06\/vertsep.png\" alt=\"vertsep\" width=\"1\" height=\"65\" \/>BRAUN RECHTSANW\u00c4LTIN M\u00dcNCHEN<\/h1>\n<h5>Anw\u00e4lte<\/h5>\n<div class=\"fusion-sep-clear\"><\/div><div class=\"fusion-separator fusion-full-width-sep sep-none\" style=\"margin-left: auto;margin-right: auto;margin-top:25px;\"><\/div><span class=\"fusion-imageframe imageframe-none imageframe-1 hover-type-none\"><img decoding=\"async\" src=\"http:\/\/braun-rae.de\/wp-content\/uploads\/2016\/06\/SEPRIGHT.png\" width=\"\" height=\"\" alt=\"\" title=\"\" class=\"img-responsive\"\/><\/span><div class=\"fusion-sep-clear\"><\/div><div class=\"fusion-separator fusion-full-width-sep sep-none\" style=\"margin-left: auto;margin-right: auto;margin-top:25px;\"><\/div><div class=\"fusion-clearfix\"><\/div>\n\n\t\t\t\t\t<\/div>\n\t\t\t\t<\/div><div  class=\"fusion-layout-column fusion_builder_column fusion_builder_column_1_5  fusion-one-fifth fusion-column-first 1_5\"  style='margin-top:0px;margin-bottom:20px;width:16.8%; margin-right: 4%;'>\n\t\t\t\t\t<div class=\"fusion-column-wrapper\" style=\"background-position:left top;background-repeat:no-repeat;-webkit-background-size:cover;-moz-background-size:cover;-o-background-size:cover;background-size:cover;\"  data-bg-url=\"\">\n\t\t\t\t\t\t<div class=\"fusion-clearfix\"><\/div>\n\n\t\t\t\t\t<\/div>\n\t\t\t\t<\/div><div  class=\"fusion-layout-column fusion_builder_column fusion_builder_column_1_3  fusion-one-third 1_3\"  style='margin-top:0px;margin-bottom:20px;width:30.6666%; margin-right: 4%;'>\n\t\t\t\t\t<div class=\"fusion-column-wrapper\" style=\"background-position:left top;background-repeat:no-repeat;-webkit-background-size:cover;-moz-background-size:cover;-o-background-size:cover;background-size:cover;\"  data-bg-url=\"\">\n\t\t\t\t\t\t<div class=\"fusion-person person fusion-person-left fusion-person-icon-top\"><div class=\"person-shortcode-image-wrapper\"><div class=\"person-image-container hover-type-none\" style=\"-webkit-border-radius:0px;-moz-border-radius:0px;border-radius:0px;\"><img decoding=\"async\" class=\"person-img img-responsive\" style=\"-webkit-border-radius:0px;-moz-border-radius:0px;border-radius:0px;border:0px solid #f6f6f6;\" src=\"https:\/\/braun-rae.de\/wp-content\/uploads\/2024\/08\/bild24.jpg\" alt=\"Prof.in Michaela Braun\" \/><\/div><\/div><div class=\"person-desc\"><div class=\"person-author\"><div class=\"person-author-wrapper\"><span class=\"person-name\">Prof.in Michaela Braun<\/span><span class=\"person-title\">Rechtsanw\u00e4ltin<\/span><\/div><div class=\"fusion-social-networks boxed-icons\"><div class=\"fusion-social-networks-wrapper\"><a class=\"fusion-social-network-icon fusion-tooltip fusion-mail fusion-icon-mail\" aria-label=\"fusion-mail\" href=\"mailto:m&#046;&#098;r&#097;&#117;n&#064;b&#114;&#097;&#117;n-r&#097;&#101;&#046;de\" target=\"_self\" style=\"color:#ffffff;background-color:#170a61;border-color:#170a61;border-radius:4px;font-size:14px;padding:7px;\" data-placement=\"top\" data-title=\"Mail\" title=\"Mail\" data-toggle=\"tooltip\"><\/a><a class=\"fusion-social-network-icon fusion-tooltip fusion-xing fusion-icon-xing\" aria-label=\"fusion-xing\" href=\"https:\/\/www.xing.com\/profile\/Michaela_Braun3\" target=\"_blank\" rel=\"noopener noreferrer\" style=\"color:#ffffff;background-color:#170a61;border-color:#170a61;border-radius:4px;font-size:14px;padding:7px;\" data-placement=\"top\" data-title=\"Xing\" title=\"Xing\" data-toggle=\"tooltip\"><\/a><\/div><\/div><\/div><div class=\"person-content fusion-clearfix\"> Mitglied der RA-Kammer M\u00fcnchen Mitglied der WP-Pr\u00fcfungskommission Mitglied im Aufsichtsrat und im Vorstand diverser gemeinn\u00fctziger Vereine.<\/div><\/div><\/div><style type=\"text\/css\" scoped=\"scoped\"> }<\/style><div class=\"accordian fusion-accordian\"><div class=\"panel-group\" id=\"accordion-1076-1\"><div class=\"fusion-panel panel-default fusion-toggle-no-divider\"><div class=\"panel-heading\"><h4 class=\"panel-title toggle\"><a data-toggle=\"collapse\" data-parent=\"#accordion-1076-1\" data-target=\"#aebf5f56ae9fa2a81\" href=\"#aebf5f56ae9fa2a81\"><div class=\"fusion-toggle-icon-wrapper\"><i class=\"fa-fusion-box\"><\/i><\/div><div class=\"fusion-toggle-heading\">Vita<\/div><\/a><\/h4><\/div><div id=\"aebf5f56ae9fa2a81\" class=\"panel-collapse collapse \"><div class=\"panel-body toggle-content\">\n<ul>\n<li>Studium an der Ludwig-Maximilians-Universit\u00e4t M\u00fcnchen, der Universit\u00e4t Wien und der Tulane University \u2013 New Orleans, L<\/li>\n<li>Zugelassen als Rechtsanw\u00e4ltin seit 1992, Mitglied der Rechtsanwaltskammer M\u00fcnchen,<\/li>\n<li>IHK-zertifizierte Wirtschaftsmediatorin, Mitglied in der Deutschen Stiftung Mediation,<\/li>\n<li>IHK-Zertifizierter Business Coach, Mitglied im Deutschen Fachverband Coaching,<\/li>\n<li>IHK-zertifizierte Online-Trainerin,<\/li>\n<li>Lehrbeauftragte f\u00fcr Internationales Privatrecht an der Hochschule f\u00fcr angewandte Wissenschaften Kempten (bis 2018),<\/li>\n<li>Lehrbeauftragte f\u00fcr Wirtschaftsrecht, Multidimensional Leadership und Digital Business Modelling und Entrepreneurship sowie Verhandlungstechniken an der Hochschule der Bayerischen Wirtschaft,<\/li>\n<li>Lehrbeauftragte f\u00fcr Privatrecht an der Hochschule f\u00fcr angewandte Wissenschaften M\u00fcnchen (bis 2024),<\/li>\n<li>Lehrbeauftragte Bachelor und Master f\u00fcr den Schwerpunkt &#8220;Familienunternehmen&#8221; an der Munich Business School,<\/li>\n<li>Mitglied des Senats der Hochschule der Bayerischen Wirtschaft,<\/li>\n<li>Mitglied des Hochschulrates der Hochschule der Bayerischen Wirtschaft,<\/li>\n<li>Mitglied der Pr\u00fcfungskommission der Wirtschaftspr\u00fcferkammer des Bundes,<\/li>\n<li>Mitglied im Pr\u00fcfungsausschuss f\u00fcr Steuerberater beim Bay. Staatsministerium der Finanzen, f\u00fcr Landesentwicklung und Heimat,<\/li>\n<li>Stellvertretende Vorsitzende des Aufsichtsrats des \u201eSOS-Kinderd\u00f6rfer weltweit Hermann-Gmeiner-Fonds Deutschland e.V.\u201c ,<\/li>\n<li>Dozentin an der Priv. Berufsfachschule f\u00fcr medizin. Fachangestellte (Walner-Schulen) d.Vereins z.F\u00f6rd.d.Ausb.u.Fortbildung i.d.med.Assistenzber. e.V., M\u00fcnchen, (bis 2018)<\/li>\n<li>Referentin f\u00fcr die Bayerische Landes\u00e4rztekammer im Rahmen der \u00e4rztlichen Fortbildung\u00a0 (www.blaek.de),<\/li>\n<li>Referentin bei Wolters Kluwer Deutschland GmbH,<\/li>\n<li>Referentin an der IHK f\u00fcr M\u00fcnchen und Oberbayern zu den Themen Mitarbeiterf\u00fchrung, Kommunikation und Verhandlungstechnik,<\/li>\n<li>Referentin beim Landesverband der steuerberatenden und wirtschaftspr\u00fcfenden Berufe in Bayern e.V.,<\/li>\n<li>Referentin in der Rechtsanwaltskammern M\u00fcnchen, Stuttgart und Koblenz,<\/li>\n<li>Mitglied des Vorstandes und Aufsichtsrates der SOS Kinderd\u00f6rfer weltweit (bis 2022)<\/li>\n<li>Stellvertretende Vorsitzende des Vorstandes der Hermann-Gmeiner Stiftung (bis 10\/2016),<\/li>\n<li>Mitglied des Senats SOS-Kinderdorf International, Dachverband aller SOS-Kinderdorf Vereine (bis 06\/2016),<\/li>\n<li>Mitglied des Leadershp Selection Committee des Senats SOS-Kinderdorf International bis (06\/2016).<\/li>\n<li>Professorin f\u00fcr Wirtschaftsrecht (seit 12\/2021).<\/li>\n<\/ul>\n<\/div><\/div><\/div><\/div><\/div><div class=\"fusion-clearfix\"><\/div>\n\n\t\t\t\t\t<\/div>\n\t\t\t\t<\/div><div  class=\"fusion-layout-column fusion_builder_column fusion_builder_column_1_1  fusion-one-full fusion-column-last fusion-column-no-min-height 1_1\"  style='margin-top:0px;margin-bottom:0px;'>\n\t\t\t\t\t<div class=\"fusion-column-wrapper\" style=\"background-position:left top;background-repeat:no-repeat;-webkit-background-size:cover;-moz-background-size:cover;-o-background-size:cover;background-size:cover;\"  data-bg-url=\"\">\n\t\t\t\t\t\t<div class=\"fusion-sep-clear\"><\/div><div class=\"fusion-separator fusion-full-width-sep sep-none\" style=\"margin-left: auto;margin-right: auto;margin-top:25px;\"><\/div><h5>Geb\u00fchren<\/h5>\n<div class=\"fusion-clearfix\"><\/div>\n\n\t\t\t\t\t<\/div>\n\t\t\t\t<\/div><div  class=\"fusion-layout-column fusion_builder_column fusion_builder_column_1_1  fusion-one-full fusion-column-first fusion-column-last fusion-column-no-min-height 1_1\"  style='margin-top:0px;margin-bottom:0px;'>\n\t\t\t\t\t<div class=\"fusion-column-wrapper\" style=\"background-position:left top;background-repeat:no-repeat;-webkit-background-size:cover;-moz-background-size:cover;-o-background-size:cover;background-size:cover;\"  data-bg-url=\"\">\n\t\t\t\t\t\t<style type=\"text\/css\" scoped=\"scoped\"> }<\/style><div class=\"accordian fusion-accordian\"><div class=\"panel-group\" id=\"accordion-1076-2\"><div class=\"fusion-panel panel-default fusion-toggle-no-divider\"><div class=\"panel-heading\"><h4 class=\"panel-title toggle\"><a data-toggle=\"collapse\" data-parent=\"#accordion-1076-2\" data-target=\"#16579aaf14a442ebc\" href=\"#16579aaf14a442ebc\"><div class=\"fusion-toggle-icon-wrapper\"><i class=\"fa-fusion-box\"><\/i><\/div><div class=\"fusion-toggle-heading\">Die H\u00f6he der Rechtsanwaltsgeb\u00fchren ist gesetzlich geregelt ...<\/div><\/a><\/h4><\/div><div id=\"16579aaf14a442ebc\" class=\"panel-collapse collapse \"><div class=\"panel-body toggle-content\">durch das Rechtsanwaltsverg\u00fctungsgesetz (RVG). Das Rechtsanwaltsverg\u00fctungsgesetz bestimmt, f\u00fcr welche anwaltlichen T\u00e4tigkeiten welche Geb\u00fchren in welchem Umfang anfallen. Je nach Art unserer T\u00e4tigkeit, z. B. die au\u00dfergerichtliche Vertretung, Besprechungen mit Gegnern, Verhandlungen mit Dritten, Mitwirkung an dem Zu-Stande-Kommen einer Einigung in einer Streitigkeit (Vergleich), Vertretung in einem Rechtsstreit, fallen eine oder auch mehrere Geb\u00fchren an. Im Rechtsanwaltsverg\u00fctungsgesetz orientiert sich die H\u00f6he der Geb\u00fchren grunds\u00e4tzlich am Gegenstandswert. Es ist aber auch eine Verg\u00fctung nach Zeitaufwand m\u00f6glich. Welche Verg\u00fctungsbasis in Ihren Fall sinnvoll ist, besprechen wir mit Ihnen im ersten Gespr\u00e4ch.<\/div><\/div><\/div><\/div><\/div><div class=\"fusion-sep-clear\"><\/div><div class=\"fusion-separator fusion-full-width-sep sep-none\" style=\"margin-left: auto;margin-right: auto;margin-top:50px;\"><\/div><h5>Mandatsbedingungen<\/h5>\n<div class=\"fusion-clearfix\"><\/div>\n\n\t\t\t\t\t<\/div>\n\t\t\t\t<\/div><div  class=\"fusion-layout-column fusion_builder_column fusion_builder_column_1_1  fusion-one-full fusion-column-first fusion-column-last fusion-column-no-min-height 1_1\"  style='margin-top:0px;margin-bottom:0px;'>\n\t\t\t\t\t<div class=\"fusion-column-wrapper\" style=\"background-position:left top;background-repeat:no-repeat;-webkit-background-size:cover;-moz-background-size:cover;-o-background-size:cover;background-size:cover;\"  data-bg-url=\"\">\n\t\t\t\t\t\t<style type=\"text\/css\" scoped=\"scoped\"> }<\/style><div class=\"accordian fusion-accordian\"><div class=\"panel-group\" id=\"accordion-1076-3\"><div class=\"fusion-panel panel-default fusion-toggle-no-divider\"><div class=\"panel-heading\"><h4 class=\"panel-title toggle\"><a data-toggle=\"collapse\" data-parent=\"#accordion-1076-3\" data-target=\"#a00f495bfa8dddc91\" href=\"#a00f495bfa8dddc91\"><div class=\"fusion-toggle-icon-wrapper\"><i class=\"fa-fusion-box\"><\/i><\/div><div class=\"fusion-toggle-heading\">Alle Rechtsbeziehungen unterliegen ausschlie\u00dflich deutschem Recht ...<\/div><\/a><\/h4><\/div><div id=\"a00f495bfa8dddc91\" class=\"panel-collapse collapse \"><div class=\"panel-body toggle-content\">1.)<\/p>\n<ol>\n<li>Die Rechtsbeziehungen zwischen dem Auftraggeber und der Bevollm\u00e4chtigten unterliegen ausschlie\u00dflich deutschem Recht. Erf\u00fcllungsort und Gerichtsstand f\u00fcr alle Streitigkeiten aus und im Zusammenhang mit dem Auftragsverh\u00e4ltnis ist M\u00fcnchen. Die Bevollm\u00e4chtigte pr\u00fcft ausschlie\u00dflich deutsches Recht. Steuerrechtliche Aspekte sind ausdr\u00fccklich nicht Gegenstand des Auftrages. Vor Mandats\u00fcbernahme hat die Bevollm\u00e4chtigte ausdr\u00fccklich darauf hingewiesen, dass die Beratung und Bearbeitung nach eritreischem Rechts nicht \u00fcbernommen werden kann. Diesbez\u00fcglich ist gegebenenfalls ein weiterer Experte auf Kosten des Auftraggebers hinzuzuziehen.<\/li>\n<li>Die Haftung der Bevollm\u00e4chtigten wird im Einzelfall f\u00fcr alle F\u00e4lle eines durch einfache Fahrl\u00e4ssigkeit verursachten Verm\u00f6gensschadens beschr\u00e4nkt auf \u20ac 1. Mio; eine entsprechende Haftpflichtversicherung besteht bei der ERGO Versicherung AG, Victoriaplatz1, 40477 D\u00fcsseldorf. Die Haftung f\u00fcr Sch\u00e4den aus der Verletzung des Lebens, des K\u00f6rpers oder der Gesundheit bleibt unber\u00fchrt. Ebenso unber\u00fchrt bleibt die Haftung f\u00fcr gro\u00dfe Fahrl\u00e4ssigkeit und Vorsatz. Die vorstehenden Bestimmungen gelten entsprechend f\u00fcr Schadensersatzanspr\u00fcche Dritter aus dem Mandatsverh\u00e4ltnis. Die pers\u00f6nliche Haftung wird beschr\u00e4nkt auf Frau Rechtsanw\u00e4ltin Michaela Braun, die das Mandat im Rahmen ihrer eigenen beruflichen Befugnisse alleine und ausschlie\u00dflich bearbeitet. Wenn eine in der Versicherungssumme weitergehende Haftung gew\u00fcnscht wird, so kann auf ausdr\u00fcckliche Weisung des Auftraggebers und auf dessen Kosten eine Einzelfallversicherung zu einer h\u00f6heren Haftungssumme abgeschlossen werden. Diese Haftungsbeschr\u00e4nkung gilt mit Mandatserteilung.<\/li>\n<li>Die Verg\u00fctung der Bevollm\u00e4chtigten berechnet sich grunds\u00e4tzlich nach den Bestimmungen des Rechtsanwaltsverg\u00fctungsgesetzes (RVG). Abweichend hiervon kann im Einzelfall eine Honorarvereinbarung getroffen werden, soweit dies gesetzlich (\u00a7 4 RVG) zul\u00e4ssig ist. Die Bevollm\u00e4chtigte kann bereits bei Erteilung des Mandats f\u00fcr die voraussichtlichen Geb\u00fchren\/Honorare und Auslagen unter \u00dcbersendung einer entsprechenden Rechnung einen angemessenen, frei verrechenbaren Vorschuss fordern und die Aufnahme oder Fortsetzung der T\u00e4tigkeit von dessen Bezahlung abh\u00e4ngig machen. Sowie nach vorheriger Androhung nebst Fristsetzung weitere Leistungen ablehnen und das Mandat mit sofortiger Wirkung k\u00fcndigen. Der Auftraggeber ist zur Aufrechnung gegen eine Forderung des Rechtsanwalts nur berechtigt, soweit die Forderung schriftlich anerkannt oder rechtskr\u00e4ftig festgestellt ist. Reisekosten, Telefon, Telefax, Fotokopien, Kosten f\u00fcr die Einschaltung externer Datenbanken (z.B. Juris, Lexinform etc.) und Mehrwertsteuer auf alle Geb\u00fchren, Honorare und Kosten werden zus\u00e4tzlich berechnet. Das Honorar ist mit Rechnungstellung f\u00e4llig. Der Auftraggeber ist ausdr\u00fccklich damit einverstanden, dass der Rechtsanwalt eigene Verg\u00fctungsforderungen, gleich welcher Art oder Bezeichnung sowie unabh\u00e4ngig von ihrer F\u00e4lligkeit, von f\u00fcr den Auftraggeber eingehenden Betr\u00e4gen, gleich welcher Art und welcher Angelegenheit sie zuzuordnen sind, einbeh\u00e4lt.<\/li>\n<li>Der Auftraggeber hat die Bevollm\u00e4chtigte grunds\u00e4tzlich schriftlich zu informieren; soweit die \u00dcbergabe von Unterlagen erforderlich ist, sind grunds\u00e4tzlich nur Kopien zu \u00fcbergeben, die Anforderung von Originalen durch die Rechtsanw\u00e4lte kann auch m\u00fcndlich geschehen. Der Auftraggeber ist gehalten, sich s\u00e4mtliche ihm \u00fcbersandten Schriftst\u00fccke sorgf\u00e4ltig durchzulesen und seine Anmerkungen und Kommentare m\u00f6glichst unverz\u00fcglich schriftlich an die Rechtsanw\u00e4lte zu \u00fcbermitteln. Es wird darauf hingewiesen, dass bei nur telefonischer Mitteilung an einen nichtanwaltlichen Mitarbeiter des Rechtsanwalts die rechtzeitige Weiterleitung an den bearbeitenden Rechtsanwalt nicht immer gew\u00e4hrleistet werden kann.<\/li>\n<li>F\u00fcr den Umfang der zu erbringenden Leistungen ist der erteilte Auftrag ma\u00dfgebend.<\/li>\n<li>Der Auftraggeber ist verpflichtet, bei m\u00fcndlichen oder fernm\u00fcndlichen Ausk\u00fcnften und Erkl\u00e4rungen von erheblicher rechtlicher oder wirtschaftlicher Bedeutung eine schriftliche Best\u00e4tigung zu verlangen. Anderenfalls kann er sich auf die Verbindlichkeit der Auskunft oder Erkl\u00e4rung nicht berufen.<\/li>\n<li>Anspr\u00fcche gegen die Bevollm\u00e4chtigte verj\u00e4hren in 3 (drei) Jahren ab Entstehung des Anspruchs, sp\u00e4testens jedoch 3 (drei) Jahre ab Beendigung des Mandats. Der Auftrag gilt sp\u00e4testens bei \u00dcbersendung der letzten Honorarnote als beendet.<\/li>\n<li>Der Auftraggeber ist dar\u00fcber belehrt, dass die Versendung von elektronischer Post per E-Mail eine unsichere \u00dcbertragungsart darstellt, insbesondere nicht sichergestellt werden kann, dass E-Mail-Nachrichten sicher \u00fcbertragen werden oder deren Inhalt nicht durch Dritte unberechtigt ver\u00e4ndert wird oder Anh\u00e4nge durch Dritte unberechtigterweise mit \u00fcbertragen werden. Der Auftraggeber erkl\u00e4rt sich ausdr\u00fccklich damit einverstanden, dass die Korrespondenz und die \u00dcbermittlung von Unterlagen jeglicher Art, auch gerichts- und beh\u00f6rdenrelevanter Dokumente ausschlie\u00dflich im elektronischen Datenaustausch \u00fcber die bekanntgegebenen E-Mail Adressen erfolgen kann.<\/li>\n<li>Die Verpflichtung der Bevollm\u00e4chtigten zur Aufbewahrung und Herausgabe von Handakten erlischt 3 (drei) Jahre nach Beendigung des Auftrages.<\/li>\n<li>Sollten einige der vorgenannten Bestimmungen ganz oder teilweise unwirksam sein, tritt an ihre Stelle eine inhaltlich geltungserhaltend auf das zul\u00e4ssige Ma\u00df reduzierte Bestimmung und wird hierdurch die Wirksamkeit der \u00fcbrigen Be\u00adstimmungen nicht ber\u00fchrt.<\/li>\n<\/ol>\n<\/div><\/div><\/div><\/div><\/div><div class=\"fusion-sep-clear\"><\/div><div class=\"fusion-separator fusion-full-width-sep sep-none\" style=\"margin-left: auto;margin-right: auto;margin-top:50px;\"><\/div><span class=\"fusion-imageframe imageframe-none imageframe-2 hover-type-none\"><img decoding=\"async\" src=\"http:\/\/braun-rae.de\/wp-content\/uploads\/2016\/06\/SEPLEFT.png\" width=\"\" height=\"\" alt=\"\" title=\"\" class=\"img-responsive\"\/><\/span><div class=\"fusion-clearfix\"><\/div>\n\n\t\t\t\t\t<\/div>\n\t\t\t\t<\/div><\/div><\/div>\n","protected":false},"excerpt":{"rendered":"","protected":false},"author":1,"featured_media":0,"parent":0,"menu_order":0,"comment_status":"closed","ping_status":"closed","template":"","meta":{"_mi_skip_tracking":false,"footnotes":""},"class_list":["post-1076","page","type-page","status-publish","hentry"],"translation":{"provider":"WPGlobus","version":"2.10.6","language":"en","enabled_languages":["de","en","it"],"languages":{"de":{"title":true,"content":true,"excerpt":false},"en":{"title":true,"content":false,"excerpt":false},"it":{"title":true,"content":false,"excerpt":false}}},"yoast_head":"<!-- This site is optimized with the Yoast SEO plugin v19.11 - https:\/\/yoast.com\/wordpress\/plugins\/seo\/ -->\n<title>About Us Lawyer Munich - Braun Lawyers Munich<\/title>\n<meta name=\"robots\" content=\"index, follow, max-snippet:-1, max-image-preview:large, max-video-preview:-1\" \/>\n<link rel=\"canonical\" href=\"https:\/\/braun-rae.de\/braun-rechtsanwaeltin-muenchen\/\" class=\"yoast-seo-meta-tag\" \/>\n<meta property=\"og:locale\" content=\"en_US\" class=\"yoast-seo-meta-tag\" \/>\n<meta property=\"og:type\" content=\"article\" class=\"yoast-seo-meta-tag\" \/>\n<meta property=\"og:title\" content=\"About Us Lawyer Munich - Braun Lawyers Munich\" class=\"yoast-seo-meta-tag\" \/>\n<meta property=\"og:url\" content=\"https:\/\/braun-rae.de\/braun-rechtsanwaeltin-muenchen\/\" class=\"yoast-seo-meta-tag\" \/>\n<meta property=\"og:site_name\" content=\"Braun Lawyers Munich\" class=\"yoast-seo-meta-tag\" \/>\n<meta property=\"article:modified_time\" content=\"2024-08-27T15:49:20+00:00\" class=\"yoast-seo-meta-tag\" \/>\n<meta property=\"og:image\" content=\"http:\/\/braun-rae.de\/wp-content\/uploads\/2016\/06\/vertsep.png\" class=\"yoast-seo-meta-tag\" \/>\n<meta name=\"twitter:card\" content=\"summary_large_image\" class=\"yoast-seo-meta-tag\" \/>\n<meta name=\"twitter:label1\" content=\"Est. reading time\" class=\"yoast-seo-meta-tag\" \/>\n\t<meta name=\"twitter:data1\" content=\"9 minutes\" class=\"yoast-seo-meta-tag\" \/>\n<script type=\"application\/ld+json\" class=\"yoast-schema-graph\">{\"@context\":\"https:\/\/schema.org\",\"@graph\":[{\"@type\":\"WebPage\",\"@id\":\"https:\/\/braun-rae.de\/braun-rechtsanwaeltin-muenchen\/\",\"url\":\"https:\/\/braun-rae.de\/braun-rechtsanwaeltin-muenchen\/\",\"name\":\"About Us Lawyer Munich - Braun Lawyers Munich\",\"isPartOf\":{\"@id\":\"https:\/\/braun-rae.de\/#website\"},\"datePublished\":\"2016-06-21T08:48:04+00:00\",\"dateModified\":\"2024-08-27T15:49:20+00:00\",\"breadcrumb\":{\"@id\":\"https:\/\/braun-rae.de\/braun-rechtsanwaeltin-muenchen\/#breadcrumb\"},\"inLanguage\":\"en-US\",\"potentialAction\":[{\"@type\":\"ReadAction\",\"target\":[\"https:\/\/braun-rae.de\/braun-rechtsanwaeltin-muenchen\/\"]}]},{\"@type\":\"BreadcrumbList\",\"@id\":\"https:\/\/braun-rae.de\/braun-rechtsanwaeltin-muenchen\/#breadcrumb\",\"itemListElement\":[{\"@type\":\"ListItem\",\"position\":1,\"name\":\"Startseite\",\"item\":\"https:\/\/braun-rae.de\/\"},{\"@type\":\"ListItem\",\"position\":2,\"name\":\"Braun Rechtsanw\u00e4ltin M\u00fcnchen\"}]},{\"@type\":\"WebSite\",\"@id\":\"https:\/\/braun-rae.de\/#website\",\"url\":\"https:\/\/braun-rae.de\/\",\"name\":\"Braun Lawyers Munich\",\"description\":\"We Move Things.\",\"potentialAction\":[{\"@type\":\"SearchAction\",\"target\":{\"@type\":\"EntryPoint\",\"urlTemplate\":\"https:\/\/braun-rae.de\/?s={search_term_string}\"},\"query-input\":\"required name=search_term_string\"}],\"inLanguage\":\"en-US\"}]}<\/script>\n<!-- \/ Yoast SEO plugin. -->","yoast_head_json":{"title":"About Us Lawyer Munich - Braun Lawyers Munich","robots":{"index":"index","follow":"follow","max-snippet":"max-snippet:-1","max-image-preview":"max-image-preview:large","max-video-preview":"max-video-preview:-1"},"canonical":"https:\/\/braun-rae.de\/braun-rechtsanwaeltin-muenchen\/","og_locale":"en_US","og_type":"article","og_title":"About Us Lawyer Munich - Braun Lawyers Munich","og_url":"https:\/\/braun-rae.de\/braun-rechtsanwaeltin-muenchen\/","og_site_name":"Braun Lawyers Munich","article_modified_time":"2024-08-27T15:49:20+00:00","og_image":[{"url":"http:\/\/braun-rae.de\/wp-content\/uploads\/2016\/06\/vertsep.png"}],"twitter_card":"summary_large_image","twitter_misc":{"Est. reading time":"9 minutes"},"schema":{"@context":"https:\/\/schema.org","@graph":[{"@type":"WebPage","@id":"https:\/\/braun-rae.de\/braun-rechtsanwaeltin-muenchen\/","url":"https:\/\/braun-rae.de\/braun-rechtsanwaeltin-muenchen\/","name":"About Us Lawyer Munich - Braun Lawyers Munich","isPartOf":{"@id":"https:\/\/braun-rae.de\/#website"},"datePublished":"2016-06-21T08:48:04+00:00","dateModified":"2024-08-27T15:49:20+00:00","breadcrumb":{"@id":"https:\/\/braun-rae.de\/braun-rechtsanwaeltin-muenchen\/#breadcrumb"},"inLanguage":"en-US","potentialAction":[{"@type":"ReadAction","target":["https:\/\/braun-rae.de\/braun-rechtsanwaeltin-muenchen\/"]}]},{"@type":"BreadcrumbList","@id":"https:\/\/braun-rae.de\/braun-rechtsanwaeltin-muenchen\/#breadcrumb","itemListElement":[{"@type":"ListItem","position":1,"name":"Startseite","item":"https:\/\/braun-rae.de\/"},{"@type":"ListItem","position":2,"name":"Braun Rechtsanw\u00e4ltin M\u00fcnchen"}]},{"@type":"WebSite","@id":"https:\/\/braun-rae.de\/#website","url":"https:\/\/braun-rae.de\/","name":"Braun Lawyers Munich","description":"We Move Things.","potentialAction":[{"@type":"SearchAction","target":{"@type":"EntryPoint","urlTemplate":"https:\/\/braun-rae.de\/?s={search_term_string}"},"query-input":"required name=search_term_string"}],"inLanguage":"en-US"}]}},"_links":{"self":[{"href":"https:\/\/braun-rae.de\/en\/wp-json\/wp\/v2\/pages\/1076","targetHints":{"allow":["GET"]}}],"collection":[{"href":"https:\/\/braun-rae.de\/en\/wp-json\/wp\/v2\/pages"}],"about":[{"href":"https:\/\/braun-rae.de\/en\/wp-json\/wp\/v2\/types\/page"}],"author":[{"embeddable":true,"href":"https:\/\/braun-rae.de\/en\/wp-json\/wp\/v2\/users\/1"}],"replies":[{"embeddable":true,"href":"https:\/\/braun-rae.de\/en\/wp-json\/wp\/v2\/comments?post=1076"}],"version-history":[{"count":8,"href":"https:\/\/braun-rae.de\/en\/wp-json\/wp\/v2\/pages\/1076\/revisions"}],"predecessor-version":[{"id":1920,"href":"https:\/\/braun-rae.de\/en\/wp-json\/wp\/v2\/pages\/1076\/revisions\/1920"}],"wp:attachment":[{"href":"https:\/\/braun-rae.de\/en\/wp-json\/wp\/v2\/media?parent=1076"}],"curies":[{"name":"wp","href":"https:\/\/api.w.org\/{rel}","templated":true}]}}